{"id":15583,"date":"2023-10-30T20:17:46","date_gmt":"2023-10-30T20:17:46","guid":{"rendered":"https:\/\/bertu-automobiles.com\/?page_id=15583"},"modified":"2026-03-10T11:43:09","modified_gmt":"2026-03-10T11:43:09","slug":"avis-clients","status":"publish","type":"page","link":"https:\/\/bertu-automobiles.com\/es\/avis-clients\/","title":{"rendered":"Opiniones de clientes"},"content":{"rendered":"<div data-elementor-type=\"wp-page\" data-elementor-id=\"15583\" class=\"elementor elementor-15583\" data-elementor-post-type=\"page\">\n\t\t\t\t\t\t<section class=\"elementor-section elementor-top-section elementor-element elementor-element-495d2b72 wd-section-stretch elementor-section-boxed elementor-section-height-default elementor-section-height-default\" data-id=\"495d2b72\" data-element_type=\"section\" data-e-type=\"section\" data-settings=\"{&quot;background_background&quot;:&quot;classic&quot;}\">\n\t\t\t\t\t\t<div class=\"elementor-container elementor-column-gap-default\">\n\t\t\t\t\t<div class=\"elementor-column elementor-col-100 elementor-top-column elementor-element elementor-element-1beeaae1\" data-id=\"1beeaae1\" data-element_type=\"column\" data-e-type=\"column\">\n\t\t\t<div class=\"elementor-widget-wrap elementor-element-populated\">\n\t\t\t\t\t\t<div class=\"elementor-element elementor-element-1db637c elementor-widget elementor-widget-wd_title\" data-id=\"1db637c\" data-element_type=\"widget\" data-e-type=\"widget\" data-widget_type=\"wd_title.default\">\n\t\t\t\t<div class=\"elementor-widget-container\">\n\t\t\t\t\t\t\t<div class=\"title-wrapper set-mb-s reset-last-child wd-title-color-primary wd-title-style-bordered wd-title-size-default text-center\">\n\n\t\t\t\t\t\t\t<div class=\"title-subtitle subtitle-color-primary subtitle-style-default wd-fontsize-xs\">\n\t\t\t\t\tBERTU AUTOMOBILES\t\t\t\t<\/div>\n\t\t\t\n\t\t\t<div class=\"liner-continer\">\n\t\t\t\t<h4 class=\"woodmart-title-container title wd-fontsize-l\">Nuestro mundo nos hace felices.<\/h4> \n\t\t\t\t\t\t\t<\/div>\n\n\t\t\t\t\t<\/div>\n\t\t\t\t\t\t<\/div>\n\t\t\t\t<\/div>\n\t\t\t\t<div class=\"elementor-element elementor-element-ba175d1 elementor-widget elementor-widget-wd_testimonials\" data-id=\"ba175d1\" data-element_type=\"widget\" data-e-type=\"widget\" data-widget_type=\"wd_testimonials.default\">\n\t\t\t\t<div class=\"elementor-widget-container\">\n\t\t\t\t\t\t\t<div class=\"testimonials testimonials-wrapper testimonials-grid testimon-style-boxed  color-scheme- testimon-align-left\" id=\"carousel-9832\" >\n\t\t\t<div class=\"row wd-spacing-30\">\n\t\t\t\t\t\t\t\t\t\n<div class=\"testimonial column col-lg-6 col-md-6 col-12\">\n\t<div class=\"testimonial-inner\">\n\t\t\n\t\t<div class=\"testimonial-content\">\n\t\t\t<div class=\"testimonial-rating\">\n\t\t\t\t<span class=\"star-rating\">\n\t\t\t\t\t<span style=\"width:100%\"><\/span>\n\t\t\t\t<\/span>\n\t\t\t<\/div>\n\n\t\t\t<p>Sin sorpresas ni al pedir ni al recibir el coche. Estaba impecable, pr\u00e1cticamente nuevo. El conductor fue muy amable. El veh\u00edculo se entreg\u00f3 con un d\u00eda de retraso, pero me lo notificaron. Llevo una semana con el coche sin problemas y tengo 14 d\u00edas para probarlo. Satisfacci\u00f3n garantizada o te devolvemos el dinero. \u00a1Recomiendo este sitio!<\/p>\n\t\t\t<footer>\n\t\t\t\tKingsley\n\t\t\t\t\t\t\t<\/footer>\n\t\t<\/div>\n\t<\/div>\n<\/div>\t\t\t\t\t\t\t\t\t\n<div class=\"testimonial column col-lg-6 col-md-6 col-12\">\n\t<div class=\"testimonial-inner\">\n\t\t\n\t\t<div class=\"testimonial-content\">\n\t\t\t<div class=\"testimonial-rating\">\n\t\t\t\t<span class=\"star-rating\">\n\t\t\t\t\t<span style=\"width:100%\"><\/span>\n\t\t\t\t<\/span>\n\t\t\t<\/div>\n\n\t\t\t<p>Al principio ten\u00eda algunas dudas sobre importar un BMW desde Alemania, pero volver\u00eda a apostar sin dudarlo con Premium Import. La comunicaci\u00f3n durante todo el proceso fue excelente. Cynthia fue muy receptiva al reservar el veh\u00edculo inmediatamente en Alemania (el modelo 340i GT xDrive Luxury era muy solicitado) y luego se encarg\u00f3 de todo el seguimiento administrativo. Gracias tambi\u00e9n a Maxime por su c\u00e1lida bienvenida y su completo apoyo.<\/p>\n\t\t\t<footer>\n\t\t\t\tOrson\n\t\t\t\t\t\t\t<\/footer>\n\t\t<\/div>\n\t<\/div>\n<\/div>\t\t\t\t\t\t\t\t\t\n<div class=\"testimonial column col-lg-6 col-md-6 col-12\">\n\t<div class=\"testimonial-inner\">\n\t\t\n\t\t<div class=\"testimonial-content\">\n\t\t\t<div class=\"testimonial-rating\">\n\t\t\t\t<span class=\"star-rating\">\n\t\t\t\t\t<span style=\"width:100%\"><\/span>\n\t\t\t\t<\/span>\n\t\t\t<\/div>\n\n\t\t\t<p>\u00a1Perfecto de principio a fin! Ten\u00eda algunas dudas porque no se puede ver el coche en persona, pero el que ped\u00ed cumpl\u00eda a la perfecci\u00f3n con mis requisitos, \u00a1e incluso los super\u00f3! Me lo entregaron en casa tal como lo prometieron y a tiempo. Ten\u00eda toda la documentaci\u00f3n lista para firmar. El servicio posventa es excelente, especialmente con Alain, que siempre estuvo muy atento. Los recomiendo much\u00edsimo y sin duda volver\u00e9 a contratarlos para mi pr\u00f3ximo veh\u00edculo.<\/p>\n\t\t\t<footer>\n\t\t\t\tKim\n\t\t\t\t\t\t\t<\/footer>\n\t\t<\/div>\n\t<\/div>\n<\/div>\t\t\t\t\t\t\t\t\t\n<div class=\"testimonial column col-lg-6 col-md-6 col-12\">\n\t<div class=\"testimonial-inner\">\n\t\t\n\t\t<div class=\"testimonial-content\">\n\t\t\t<div class=\"testimonial-rating\">\n\t\t\t\t<span class=\"star-rating\">\n\t\t\t\t\t<span style=\"width:100%\"><\/span>\n\t\t\t\t<\/span>\n\t\t\t<\/div>\n\n\t\t\t<p>El veh\u00edculo se entreg\u00f3 tal como se describi\u00f3, limpio y con toda la documentaci\u00f3n a mi nombre, preparada con antelaci\u00f3n y perfectamente archivada. Sin embargo, no hubo margen de negociaci\u00f3n en el precio, pero a cambio, el servicio fue excelente, con un proceso de compra sencillo de principio a fin y entrega a domicilio por parte de un agente atento que se tom\u00f3 el tiempo de responder a todas mis preguntas.<\/p>\n\t\t\t<footer>\n\t\t\t\tDerick\n\t\t\t\t\t\t\t<\/footer>\n\t\t<\/div>\n\t<\/div>\n<\/div>\t\t\t\t\t\t\t\t\t\n<div class=\"testimonial column col-lg-6 col-md-6 col-12\">\n\t<div class=\"testimonial-inner\">\n\t\t\n\t\t<div class=\"testimonial-content\">\n\t\t\t<div class=\"testimonial-rating\">\n\t\t\t\t<span class=\"star-rating\">\n\t\t\t\t\t<span style=\"width:100%\"><\/span>\n\t\t\t\t<\/span>\n\t\t\t<\/div>\n\n\t\t\t<p>Recomiendo esta p\u00e1gina web para la compra de coches. Gracias a esta empresa, adquir\u00ed mi coche con solo un dep\u00f3sito y el resto en cuotas mensuales. Una experiencia muy buena. Sin ninguna queja, claro y sencillo. El coche se entreg\u00f3 limpio, tal como se describi\u00f3 y cumpli\u00f3 con nuestras expectativas. Los recomiendo.<\/p>\n\t\t\t<footer>\n\t\t\t\tElena\n\t\t\t\t\t\t\t<\/footer>\n\t\t<\/div>\n\t<\/div>\n<\/div>\t\t\t\t\t\t\t\t\t\n<div class=\"testimonial column col-lg-6 col-md-6 col-12\">\n\t<div class=\"testimonial-inner\">\n\t\t\n\t\t<div class=\"testimonial-content\">\n\t\t\t<div class=\"testimonial-rating\">\n\t\t\t\t<span class=\"star-rating\">\n\t\t\t\t\t<span style=\"width:100%\"><\/span>\n\t\t\t\t<\/span>\n\t\t\t<\/div>\n\n\t\t\t<p>Mi primera experiencia fue un \u00e9xito y no dudar\u00eda en volver a comprarles un veh\u00edculo. Los recomiendo al 100%. La entrega fue simplemente fant\u00e1stica. Los recomiendo much\u00edsimo. Sin duda, volver\u00e9 a contratarlos.<\/p>\n\t\t\t<footer>\n\t\t\t\tRosina\n\t\t\t\t\t\t\t<\/footer>\n\t\t<\/div>\n\t<\/div>\n<\/div>\t\t\t\t\t\t\t\t\t\n<div class=\"testimonial column col-lg-6 col-md-6 col-12\">\n\t<div class=\"testimonial-inner\">\n\t\t\n\t\t<div class=\"testimonial-content\">\n\t\t\t<div class=\"testimonial-rating\">\n\t\t\t\t<span class=\"star-rating\">\n\t\t\t\t\t<span style=\"width:100%\"><\/span>\n\t\t\t\t<\/span>\n\t\t\t<\/div>\n\n\t\t\t<p>Gracias a ti, pude comprar un precioso 308. El coche estuvo listo para la venta muy r\u00e1pido. Qued\u00e9 muy satisfecho con el servicio y recomiendo a este vendedor.<\/p>\n\t\t\t<footer>\n\t\t\t\tGerald\n\t\t\t\t\t\t\t<\/footer>\n\t\t<\/div>\n\t<\/div>\n<\/div>\t\t\t\t\t\t\t\t\t\n<div class=\"testimonial column col-lg-6 col-md-6 col-12\">\n\t<div class=\"testimonial-inner\">\n\t\t\n\t\t<div class=\"testimonial-content\">\n\t\t\t<div class=\"testimonial-rating\">\n\t\t\t\t<span class=\"star-rating\">\n\t\t\t\t\t<span style=\"width:100%\"><\/span>\n\t\t\t\t<\/span>\n\t\t\t<\/div>\n\n\t\t\t<p>Excelente servicio, estoy encantada. Todo sali\u00f3 seg\u00fan lo previsto. \u00a1Lo recomiendo much\u00edsimo! Una experiencia fant\u00e1stica.<\/p>\n\t\t\t<footer>\n\t\t\t\tGast\u00f3n\n\t\t\t\t\t\t\t<\/footer>\n\t\t<\/div>\n\t<\/div>\n<\/div>\t\t\t\t\t\t\t\t\t\n<div class=\"testimonial column col-lg-6 col-md-6 col-12\">\n\t<div class=\"testimonial-inner\">\n\t\t\n\t\t<div class=\"testimonial-content\">\n\t\t\t<div class=\"testimonial-rating\">\n\t\t\t\t<span class=\"star-rating\">\n\t\t\t\t\t<span style=\"width:100%\"><\/span>\n\t\t\t\t<\/span>\n\t\t\t<\/div>\n\n\t\t\t<p>El auto es hermoso, como lo esperaba, y me lo entregaron directamente en la puerta. El \u00fanico peque\u00f1o inconveniente fue que faltaba el kit de reparaci\u00f3n de neum\u00e1ticos y todo lo dem\u00e1s en el maletero. Por este peque\u00f1o inconveniente, habl\u00e9 con un asesor muy profesional que me recomend\u00f3 comprar uno de repuesto a un proveedor asociado. Los recomiendo ampliamente.<\/p>\n\t\t\t<footer>\n\t\t\t\tEnero\n\t\t\t\t\t\t\t<\/footer>\n\t\t<\/div>\n\t<\/div>\n<\/div>\t\t\t\t\t\t\t\t\t\n<div class=\"testimonial column col-lg-6 col-md-6 col-12\">\n\t<div class=\"testimonial-inner\">\n\t\t\n\t\t<div class=\"testimonial-content\">\n\t\t\t<div class=\"testimonial-rating\">\n\t\t\t\t<span class=\"star-rating\">\n\t\t\t\t\t<span style=\"width:100%\"><\/span>\n\t\t\t\t<\/span>\n\t\t\t<\/div>\n\n\t\t\t<p>Una persona amable y atenta me dio una c\u00e1lida bienvenida. Todo se hizo por tel\u00e9fono, SMS, WhatsApp y fotos, y el veh\u00edculo cumpli\u00f3 perfectamente con mis expectativas. Estaba impecable al recibirlo. Gracias a J\u00e9r\u00f4me Dr\u00e9an por su profesionalismo y experiencia; lo recomiendo ampliamente.<\/p>\n\t\t\t<footer>\n\t\t\t\tJuana\n\t\t\t\t\t\t\t<\/footer>\n\t\t<\/div>\n\t<\/div>\n<\/div>\t\t\t\t\t\t\t\t\t\n<div class=\"testimonial column col-lg-6 col-md-6 col-12\">\n\t<div class=\"testimonial-inner\">\n\t\t\n\t\t<div class=\"testimonial-content\">\n\t\t\t<div class=\"testimonial-rating\">\n\t\t\t\t<span class=\"star-rating\">\n\t\t\t\t\t<span style=\"width:100%\"><\/span>\n\t\t\t\t<\/span>\n\t\t\t<\/div>\n\n\t\t\t<p>Estoy muy contento con el taller. Le confi\u00e9 la venta de mi veh\u00edculo a J\u00e9r\u00f4me. Todo sali\u00f3 a la perfecci\u00f3n. Agradezco a J\u00e9r\u00f4me su profesionalidad.<\/p>\n\t\t\t<footer>\n\t\t\t\tMar\u00eda Pedro\n\t\t\t\t\t\t\t<\/footer>\n\t\t<\/div>\n\t<\/div>\n<\/div>\t\t\t\t\t\t\t\t\t\n<div class=\"testimonial column col-lg-6 col-md-6 col-12\">\n\t<div class=\"testimonial-inner\">\n\t\t\n\t\t<div class=\"testimonial-content\">\n\t\t\t<div class=\"testimonial-rating\">\n\t\t\t\t<span class=\"star-rating\">\n\t\t\t\t\t<span style=\"width:100%\"><\/span>\n\t\t\t\t<\/span>\n\t\t\t<\/div>\n\n\t\t\t<p>Un profesional muy confiable. Compr\u00e9 mi veh\u00edculo a distancia y coincide con la descripci\u00f3n. Gracias tambi\u00e9n por su confianza.<\/p>\n\t\t\t<footer>\n\t\t\t\tConstante\n\t\t\t\t\t\t\t<\/footer>\n\t\t<\/div>\n\t<\/div>\n<\/div>\t\t\t\t\t\t\t<\/div>\n\t\t<\/div>\n\t\t\t\t\t\t<\/div>\n\t\t\t\t<\/div>\n\t\t\t\t\t<\/div>\n\t\t<\/div>\n\t\t\t\t\t<\/div>\n\t\t<\/section>\n\t\t\t\t<section class=\"elementor-section elementor-top-section elementor-element elementor-element-17b073f elementor-section-boxed elementor-section-height-default elementor-section-height-default wd-section-disabled\" data-id=\"17b073f\" data-element_type=\"section\" data-e-type=\"section\">\n\t\t\t\t\t\t<div class=\"elementor-container elementor-column-gap-default\">\n\t\t\t\t\t<div class=\"elementor-column elementor-col-100 elementor-top-column elementor-element elementor-element-64bf52f\" data-id=\"64bf52f\" data-element_type=\"column\" data-e-type=\"column\">\n\t\t\t<div class=\"elementor-widget-wrap elementor-element-populated\">\n\t\t\t\t\t\t<div class=\"elementor-element elementor-element-315b3ff elementor-widget elementor-widget-wd_title\" data-id=\"315b3ff\" data-element_type=\"widget\" data-e-type=\"widget\" data-widget_type=\"wd_title.default\">\n\t\t\t\t<div class=\"elementor-widget-container\">\n\t\t\t\t\t\t\t<div class=\"title-wrapper set-mb-s reset-last-child wd-title-color-primary wd-title-style-bordered wd-title-size-default text-center\">\n\n\t\t\t\n\t\t\t<div class=\"liner-continer\">\n\t\t\t\t<h4 class=\"woodmart-title-container title wd-fontsize-l\">BERTU AUTOMOBILES ES<\/h4> \n\t\t\t\t\t\t\t<\/div>\n\n\t\t\t\t\t<\/div>\n\t\t\t\t\t\t<\/div>\n\t\t\t\t<\/div>\n\t\t\t\t<section class=\"elementor-section elementor-inner-section elementor-element elementor-element-cc44c80 elementor-section-boxed elementor-section-height-default elementor-section-height-default wd-section-disabled\" data-id=\"cc44c80\" data-element_type=\"section\" data-e-type=\"section\">\n\t\t\t\t\t\t<div class=\"elementor-container elementor-column-gap-default\">\n\t\t\t\t\t<div class=\"elementor-column elementor-col-50 elementor-inner-column elementor-element elementor-element-1ccd694\" data-id=\"1ccd694\" data-element_type=\"column\" data-e-type=\"column\">\n\t\t\t<div class=\"elementor-widget-wrap elementor-element-populated\">\n\t\t\t\t\t\t<div class=\"elementor-element elementor-element-df572d5 elementor-widget elementor-widget-wd_infobox\" data-id=\"df572d5\" data-element_type=\"widget\" data-e-type=\"widget\" data-widget_type=\"wd_infobox.default\">\n\t\t\t\t<div class=\"elementor-widget-container\">\n\t\t\t\t\t\t\t<div class=\"info-box-wrapper\">\n\t\t\t<div class=\"wd-info-box text-left box-icon-align-left box-style-base color-scheme- wd-items-top\"  style=\"\">\n\t\t\t\t\t\t\t\t\t<div class=\"box-icon-wrapper  box-with-icon box-icon-with-bg\">\n\t\t\t\t\t\t<div class=\"info-box-icon\">\n\t\t\t\t\t\t\t\t\t\t\t\t\t\t\t<img decoding=\"async\" width=\"45\" height=\"45\" src=\"https:\/\/bertu-automobiles.com\/wp-content\/uploads\/2023\/10\/traffic-jam-45x45.png\" class=\"attachment-45x45 size-45x45\" alt=\"\" srcset=\"https:\/\/bertu-automobiles.com\/wp-content\/uploads\/2023\/10\/traffic-jam-45x45.png 45w, https:\/\/bertu-automobiles.com\/wp-content\/uploads\/2023\/10\/traffic-jam-300x300.png 300w, https:\/\/bertu-automobiles.com\/wp-content\/uploads\/2023\/10\/traffic-jam-150x150.png 150w, https:\/\/bertu-automobiles.com\/wp-content\/uploads\/2023\/10\/traffic-jam-430x430.png 430w, https:\/\/bertu-automobiles.com\/wp-content\/uploads\/2023\/10\/traffic-jam.png 512w\" sizes=\"(max-width: 45px) 100vw, 45px\" \/>\t\t\t\t\t\t\t\t\t\t\t\t\t<\/div>\n\t\t\t\t\t<\/div>\n\t\t\t\t\n\t\t\t\t<div class=\"info-box-content\">\n\t\t\t\t\t\n\t\t\t\t\t\t\t\t\t\t\t<h4\t\t\t\t\t\tclass=\"info-box-title title box-title-style-default wd-fontsize-s\" data-elementor-setting-key=\"title\">\n\t\t\t\t\t\t\t\tM\u00e1s opciones\t\t\t\t\t\t<\/h4>\n\t\t\t\t\t\n\t\t\t\t\t<div class=\"info-box-inner set-cont-mb-s reset-last-child\"data-elementor-setting-key=\"content\"><p>M\u00e1s de 1000 veh\u00edculos disponibles de inmediato.<\/p>\n<\/div>\n\t\n\t\t\t\t\t\t\t\t\t<\/div>\n\t\t\t<\/div>\n\t\t<\/div>\n\t\t\t\t\t\t<\/div>\n\t\t\t\t<\/div>\n\t\t\t\t<div class=\"elementor-element elementor-element-1c4c19b elementor-widget elementor-widget-wd_infobox\" data-id=\"1c4c19b\" data-element_type=\"widget\" data-e-type=\"widget\" data-widget_type=\"wd_infobox.default\">\n\t\t\t\t<div class=\"elementor-widget-container\">\n\t\t\t\t\t\t\t<div class=\"info-box-wrapper\">\n\t\t\t<div class=\"wd-info-box text-left box-icon-align-left box-style-base color-scheme- wd-items-top\"  style=\"\">\n\t\t\t\t\t\t\t\t\t<div class=\"box-icon-wrapper  box-with-icon box-icon-with-bg\">\n\t\t\t\t\t\t<div class=\"info-box-icon\">\n\t\t\t\t\t\t\t\t\t\t\t\t\t\t\t<img decoding=\"async\" width=\"45\" height=\"45\" src=\"https:\/\/bertu-automobiles.com\/wp-content\/uploads\/2023\/10\/maintenance-45x45.png\" class=\"attachment-45x45 size-45x45\" alt=\"\" srcset=\"https:\/\/bertu-automobiles.com\/wp-content\/uploads\/2023\/10\/maintenance-45x45.png 45w, https:\/\/bertu-automobiles.com\/wp-content\/uploads\/2023\/10\/maintenance-300x300.png 300w, https:\/\/bertu-automobiles.com\/wp-content\/uploads\/2023\/10\/maintenance-150x150.png 150w, https:\/\/bertu-automobiles.com\/wp-content\/uploads\/2023\/10\/maintenance-430x430.png 430w, https:\/\/bertu-automobiles.com\/wp-content\/uploads\/2023\/10\/maintenance.png 512w\" sizes=\"(max-width: 45px) 100vw, 45px\" \/>\t\t\t\t\t\t\t\t\t\t\t\t\t<\/div>\n\t\t\t\t\t<\/div>\n\t\t\t\t\n\t\t\t\t<div class=\"info-box-content\">\n\t\t\t\t\t\n\t\t\t\t\t\t\t\t\t\t\t<h4\t\t\t\t\t\tclass=\"info-box-title title box-title-style-default wd-fontsize-s\" data-elementor-setting-key=\"title\">\n\t\t\t\t\t\t\t\tEntrevista\t\t\t\t\t\t<\/h4>\n\t\t\t\t\t\n\t\t\t\t\t<div class=\"info-box-inner set-cont-mb-s reset-last-child\"data-elementor-setting-key=\"content\"><p>Todos los veh\u00edculos reciben servicio en el concesionario y se venden con la garant\u00eda del fabricante.<\/p>\n<\/div>\n\t\n\t\t\t\t\t\t\t\t\t<\/div>\n\t\t\t<\/div>\n\t\t<\/div>\n\t\t\t\t\t\t<\/div>\n\t\t\t\t<\/div>\n\t\t\t\t\t<\/div>\n\t\t<\/div>\n\t\t\t\t<div class=\"elementor-column elementor-col-50 elementor-inner-column elementor-element elementor-element-c4b9b40\" data-id=\"c4b9b40\" data-element_type=\"column\" data-e-type=\"column\">\n\t\t\t<div class=\"elementor-widget-wrap elementor-element-populated\">\n\t\t\t\t\t\t<div class=\"elementor-element elementor-element-9d00d48 elementor-widget elementor-widget-wd_infobox\" data-id=\"9d00d48\" data-element_type=\"widget\" data-e-type=\"widget\" data-widget_type=\"wd_infobox.default\">\n\t\t\t\t<div class=\"elementor-widget-container\">\n\t\t\t\t\t\t\t<div class=\"info-box-wrapper\">\n\t\t\t<div class=\"wd-info-box text-left box-icon-align-left box-style-base color-scheme- wd-items-top\"  style=\"\">\n\t\t\t\t\t\t\t\t\t<div class=\"box-icon-wrapper  box-with-icon box-icon-with-bg\">\n\t\t\t\t\t\t<div class=\"info-box-icon\">\n\t\t\t\t\t\t\t\t\t\t\t\t\t\t\t<img decoding=\"async\" width=\"45\" height=\"45\" src=\"https:\/\/bertu-automobiles.com\/wp-content\/uploads\/2023\/10\/car-sales-45x45.png\" class=\"attachment-45x45 size-45x45\" alt=\"\" srcset=\"https:\/\/bertu-automobiles.com\/wp-content\/uploads\/2023\/10\/car-sales-45x45.png 45w, https:\/\/bertu-automobiles.com\/wp-content\/uploads\/2023\/10\/car-sales-300x300.png 300w, https:\/\/bertu-automobiles.com\/wp-content\/uploads\/2023\/10\/car-sales-150x150.png 150w, https:\/\/bertu-automobiles.com\/wp-content\/uploads\/2023\/10\/car-sales-430x430.png 430w, https:\/\/bertu-automobiles.com\/wp-content\/uploads\/2023\/10\/car-sales.png 512w\" sizes=\"(max-width: 45px) 100vw, 45px\" \/>\t\t\t\t\t\t\t\t\t\t\t\t\t<\/div>\n\t\t\t\t\t<\/div>\n\t\t\t\t\n\t\t\t\t<div class=\"info-box-content\">\n\t\t\t\t\t\n\t\t\t\t\t\t\t\t\t\t\t<h4\t\t\t\t\t\tclass=\"info-box-title title box-title-style-default wd-fontsize-s\" data-elementor-setting-key=\"title\">\n\t\t\t\t\t\t\t\tEcon\u00f3mico\t\t\t\t\t\t<\/h4>\n\t\t\t\t\t\n\t\t\t\t\t<div class=\"info-box-inner set-cont-mb-s reset-last-child\"data-elementor-setting-key=\"content\"><p>Encuentra tu coche con m\u00e1s del 25% de ahorro.<\/p>\n<\/div>\n\t\n\t\t\t\t\t\t\t\t\t<\/div>\n\t\t\t<\/div>\n\t\t<\/div>\n\t\t\t\t\t\t<\/div>\n\t\t\t\t<\/div>\n\t\t\t\t<div class=\"elementor-element elementor-element-cfd7bd2 elementor-widget elementor-widget-wd_infobox\" data-id=\"cfd7bd2\" data-element_type=\"widget\" data-e-type=\"widget\" data-widget_type=\"wd_infobox.default\">\n\t\t\t\t<div class=\"elementor-widget-container\">\n\t\t\t\t\t\t\t<div class=\"info-box-wrapper\">\n\t\t\t<div class=\"wd-info-box text-left box-icon-align-left box-style-base color-scheme- wd-items-top\"  style=\"\">\n\t\t\t\t\t\t\t\t\t<div class=\"box-icon-wrapper  box-with-icon box-icon-with-bg\">\n\t\t\t\t\t\t<div class=\"info-box-icon\">\n\t\t\t\t\t\t\t\t\t\t\t\t\t\t\t<img loading=\"lazy\" decoding=\"async\" width=\"45\" height=\"45\" src=\"https:\/\/bertu-automobiles.com\/wp-content\/uploads\/2023\/10\/price-45x45.png\" class=\"attachment-45x45 size-45x45\" alt=\"\" srcset=\"https:\/\/bertu-automobiles.com\/wp-content\/uploads\/2023\/10\/price-45x45.png 45w, https:\/\/bertu-automobiles.com\/wp-content\/uploads\/2023\/10\/price-300x300.png 300w, https:\/\/bertu-automobiles.com\/wp-content\/uploads\/2023\/10\/price-150x150.png 150w, https:\/\/bertu-automobiles.com\/wp-content\/uploads\/2023\/10\/price-430x430.png 430w, https:\/\/bertu-automobiles.com\/wp-content\/uploads\/2023\/10\/price.png 512w\" sizes=\"(max-width: 45px) 100vw, 45px\" \/>\t\t\t\t\t\t\t\t\t\t\t\t\t<\/div>\n\t\t\t\t\t<\/div>\n\t\t\t\t\n\t\t\t\t<div class=\"info-box-content\">\n\t\t\t\t\t\n\t\t\t\t\t\t\t\t\t\t\t<h4\t\t\t\t\t\tclass=\"info-box-title title box-title-style-default wd-fontsize-s\" data-elementor-setting-key=\"title\">\n\t\t\t\t\t\t\t\tPrecio\t\t\t\t\t\t<\/h4>\n\t\t\t\t\t\n\t\t\t\t\t<div class=\"info-box-inner set-cont-mb-s reset-last-child\"data-elementor-setting-key=\"content\"><p>El mercado alem\u00e1n ofrece veh\u00edculos usados \u200b\u200ba precios muy asequibles.<\/p>\n<\/div>\n\t\n\t\t\t\t\t\t\t\t\t<\/div>\n\t\t\t<\/div>\n\t\t<\/div>\n\t\t\t\t\t\t<\/div>\n\t\t\t\t<\/div>\n\t\t\t\t\t<\/div>\n\t\t<\/div>\n\t\t\t\t\t<\/div>\n\t\t<\/section>\n\t\t\t\t\t<\/div>\n\t\t<\/div>\n\t\t\t\t\t<\/div>\n\t\t<\/section>\n\t\t\t\t<\/div>","protected":false},"excerpt":{"rendered":"<p>BERTU AUTOMOBILES Notre monde rend heureux Aucune surprise apr\u00e8s la commende ni lors de la r\u00e9ception de la voiture. Celle-ci<\/p>","protected":false},"author":1,"featured_media":0,"parent":0,"menu_order":0,"comment_status":"closed","ping_status":"closed","template":"","meta":{"footnotes":""},"class_list":["post-15583","page","type-page","status-publish","hentry"],"_links":{"self":[{"href":"https:\/\/bertu-automobiles.com\/es\/wp-json\/wp\/v2\/pages\/15583","targetHints":{"allow":["GET"]}}],"collection":[{"href":"https:\/\/bertu-automobiles.com\/es\/wp-json\/wp\/v2\/pages"}],"about":[{"href":"https:\/\/bertu-automobiles.com\/es\/wp-json\/wp\/v2\/types\/page"}],"author":[{"embeddable":true,"href":"https:\/\/bertu-automobiles.com\/es\/wp-json\/wp\/v2\/users\/1"}],"replies":[{"embeddable":true,"href":"https:\/\/bertu-automobiles.com\/es\/wp-json\/wp\/v2\/comments?post=15583"}],"version-history":[{"count":28,"href":"https:\/\/bertu-automobiles.com\/es\/wp-json\/wp\/v2\/pages\/15583\/revisions"}],"predecessor-version":[{"id":16044,"href":"https:\/\/bertu-automobiles.com\/es\/wp-json\/wp\/v2\/pages\/15583\/revisions\/16044"}],"wp:attachment":[{"href":"https:\/\/bertu-automobiles.com\/es\/wp-json\/wp\/v2\/media?parent=15583"}],"curies":[{"name":"wp","href":"https:\/\/api.w.org\/{rel}","templated":true}]}}