{"id":15583,"date":"2023-10-30T20:17:46","date_gmt":"2023-10-30T20:17:46","guid":{"rendered":"https:\/\/bertu-automobiles.com\/?page_id=15583"},"modified":"2026-03-10T11:43:09","modified_gmt":"2026-03-10T11:43:09","slug":"avis-clients","status":"publish","type":"page","link":"https:\/\/bertu-automobiles.com\/fr\/avis-clients\/","title":{"rendered":"Avis clients"},"content":{"rendered":"<div data-elementor-type=\"wp-page\" data-elementor-id=\"15583\" class=\"elementor elementor-15583\" data-elementor-post-type=\"page\">\n\t\t\t\t\t\t<section class=\"elementor-section elementor-top-section elementor-element elementor-element-495d2b72 wd-section-stretch elementor-section-boxed elementor-section-height-default elementor-section-height-default\" data-id=\"495d2b72\" data-element_type=\"section\" data-e-type=\"section\" data-settings=\"{&quot;background_background&quot;:&quot;classic&quot;}\">\n\t\t\t\t\t\t<div class=\"elementor-container elementor-column-gap-default\">\n\t\t\t\t\t<div class=\"elementor-column elementor-col-100 elementor-top-column elementor-element elementor-element-1beeaae1\" data-id=\"1beeaae1\" data-element_type=\"column\" data-e-type=\"column\">\n\t\t\t<div class=\"elementor-widget-wrap elementor-element-populated\">\n\t\t\t\t\t\t<div class=\"elementor-element elementor-element-1db637c elementor-widget elementor-widget-wd_title\" data-id=\"1db637c\" data-element_type=\"widget\" data-e-type=\"widget\" data-widget_type=\"wd_title.default\">\n\t\t\t\t<div class=\"elementor-widget-container\">\n\t\t\t\t\t\t\t<div class=\"title-wrapper set-mb-s reset-last-child wd-title-color-primary wd-title-style-bordered wd-title-size-default text-center\">\n\n\t\t\t\t\t\t\t<div class=\"title-subtitle subtitle-color-primary subtitle-style-default wd-fontsize-xs\">\n\t\t\t\t\tBERTU AUTOMOBILES\t\t\t\t<\/div>\n\t\t\t\n\t\t\t<div class=\"liner-continer\">\n\t\t\t\t<h4 class=\"woodmart-title-container title wd-fontsize-l\">Notre monde rend heureux<\/h4> \n\t\t\t\t\t\t\t<\/div>\n\n\t\t\t\t\t<\/div>\n\t\t\t\t\t\t<\/div>\n\t\t\t\t<\/div>\n\t\t\t\t<div class=\"elementor-element elementor-element-ba175d1 elementor-widget elementor-widget-wd_testimonials\" data-id=\"ba175d1\" data-element_type=\"widget\" data-e-type=\"widget\" data-widget_type=\"wd_testimonials.default\">\n\t\t\t\t<div class=\"elementor-widget-container\">\n\t\t\t\t\t\t\t<div class=\"testimonials testimonials-wrapper testimonials-grid testimon-style-boxed  color-scheme- testimon-align-left\" id=\"carousel-4632\" >\n\t\t\t<div class=\"row wd-spacing-30\">\n\t\t\t\t\t\t\t\t\t\n<div class=\"testimonial column col-lg-6 col-md-6 col-12\">\n\t<div class=\"testimonial-inner\">\n\t\t\n\t\t<div class=\"testimonial-content\">\n\t\t\t<div class=\"testimonial-rating\">\n\t\t\t\t<span class=\"star-rating\">\n\t\t\t\t\t<span style=\"width:100%\"><\/span>\n\t\t\t\t<\/span>\n\t\t\t<\/div>\n\n\t\t\t<p>Aucune surprise apr\u00e8s la commende ni lors de la r\u00e9ception de la voiture. Celle-ci \u00e9tait tr\u00e8s propre, quasiment neuve. Le transporteur tr\u00e8s sympathique. Le v\u00e9hicule a eu 1 jours de retard dans la livraison mais J\u2019ai \u00e9t\u00e9 averti. j\u2019ai la voiture depuis 1 semaine aucun soucis et aussi j\u2019ai 14jours pour tester le v\u00e9hicule. satisfaite ou rembourser. Je recommande ce site!<\/p>\n\t\t\t<footer>\n\t\t\t\tKingsley\n\t\t\t\t\t\t\t<\/footer>\n\t\t<\/div>\n\t<\/div>\n<\/div>\t\t\t\t\t\t\t\t\t\n<div class=\"testimonial column col-lg-6 col-md-6 col-12\">\n\t<div class=\"testimonial-inner\">\n\t\t\n\t\t<div class=\"testimonial-content\">\n\t\t\t<div class=\"testimonial-rating\">\n\t\t\t\t<span class=\"star-rating\">\n\t\t\t\t\t<span style=\"width:100%\"><\/span>\n\t\t\t\t<\/span>\n\t\t\t<\/div>\n\n\t\t\t<p>Plut\u00f4t anxieux \u00e0 l'id\u00e9e d'importer une BMW depuis l'Allemagne, je refranchirai le cap sans aucune h\u00e9sitation avec Premium Import. Excellent contact tout au cours du projet. Cynthia fut tr\u00e8s r\u00e9active pour imm\u00e9diatement r\u00e9server le v\u00e9hicule en Allemagne (le mod\u00e8le 340i Gt Xdrive Luxury \u00e9tait tr\u00e8s courtis\u00e9) et assurer ensuite le suivi administratif. Merci \u00e9galement \u00e0 Maxime, pour la qualit\u00e9 de l'accueil, et l'ensemble de son accompagnement.<\/p>\n\t\t\t<footer>\n\t\t\t\tOrson\n\t\t\t\t\t\t\t<\/footer>\n\t\t<\/div>\n\t<\/div>\n<\/div>\t\t\t\t\t\t\t\t\t\n<div class=\"testimonial column col-lg-6 col-md-6 col-12\">\n\t<div class=\"testimonial-inner\">\n\t\t\n\t\t<div class=\"testimonial-content\">\n\t\t\t<div class=\"testimonial-rating\">\n\t\t\t\t<span class=\"star-rating\">\n\t\t\t\t\t<span style=\"width:100%\"><\/span>\n\t\t\t\t<\/span>\n\t\t\t<\/div>\n\n\t\t\t<p>Parfait du d\u00e9but \u00e0 la fin ! J'avais pourtant des appr\u00e9hensions car on ne voit pas la voiture en vrai, mais celle que j'ai command\u00e9 correspondait en tout point \u00e0 mes recherches voire plus ! Livraison devant chez moi comme pr\u00e9vu et en temps et en heure. Tous les papiers sont pr\u00e9par\u00e9s \u00e0 signer. Le service apr\u00e8s-vente est excellent, surtout avec Alain, qui a \u00e9t\u00e9 \u00e0 l'\u00e9coute tout le temps. Vraiment je recommande et reviendrai chez eux pour mon prochain v\u00e9hicule !<\/p>\n\t\t\t<footer>\n\t\t\t\tKim\n\t\t\t\t\t\t\t<\/footer>\n\t\t<\/div>\n\t<\/div>\n<\/div>\t\t\t\t\t\t\t\t\t\n<div class=\"testimonial column col-lg-6 col-md-6 col-12\">\n\t<div class=\"testimonial-inner\">\n\t\t\n\t\t<div class=\"testimonial-content\">\n\t\t\t<div class=\"testimonial-rating\">\n\t\t\t\t<span class=\"star-rating\">\n\t\t\t\t\t<span style=\"width:100%\"><\/span>\n\t\t\t\t<\/span>\n\t\t\t<\/div>\n\n\t\t\t<p>V\u00e9hicule livr\u00e9 conforme \u00e0 la description, propre avec tous les papiers en mon nom, pr\u00e9par\u00e9s \u00e0 l'avance et biens class\u00e9s. Par contre,0 n\u00e9gociation possible sur le prix, mais en contrepartie le service est de qualit\u00e9 avec une proc\u00e9dure d\u2019achat facile du d\u00e9but jusqu'\u00e0 la fin et une livraison \u00e0 domicile par un mandataire attentif et qui a passer le temps n\u00e9cessaire pour r\u00e9pondre a tout mes questions.<\/p>\n\t\t\t<footer>\n\t\t\t\tD\u00e9rick\n\t\t\t\t\t\t\t<\/footer>\n\t\t<\/div>\n\t<\/div>\n<\/div>\t\t\t\t\t\t\t\t\t\n<div class=\"testimonial column col-lg-6 col-md-6 col-12\">\n\t<div class=\"testimonial-inner\">\n\t\t\n\t\t<div class=\"testimonial-content\">\n\t\t\t<div class=\"testimonial-rating\">\n\t\t\t\t<span class=\"star-rating\">\n\t\t\t\t\t<span style=\"width:100%\"><\/span>\n\t\t\t\t<\/span>\n\t\t\t<\/div>\n\n\t\t\t<p>Je vous conseil ce site pour vos achats gr\u00e2ce \u00e0 cette soci\u00e9t\u00e9 jai acquis ma voiture avec juste une avance et le reste avec des paiement mensuels \u00e9chelonn\u00e9s. Tr\u00e8s bonne exp\u00e9rience. Rien \u00e0 redire, Clair et simple.La voiture a \u00e9t\u00e9 livr\u00e9e propre et conforme \u00e0 nos attentes et au descriptif. Je recommande.<\/p>\n\t\t\t<footer>\n\t\t\t\tH\u00e9l\u00e9na\n\t\t\t\t\t\t\t<\/footer>\n\t\t<\/div>\n\t<\/div>\n<\/div>\t\t\t\t\t\t\t\t\t\n<div class=\"testimonial column col-lg-6 col-md-6 col-12\">\n\t<div class=\"testimonial-inner\">\n\t\t\n\t\t<div class=\"testimonial-content\">\n\t\t\t<div class=\"testimonial-rating\">\n\t\t\t\t<span class=\"star-rating\">\n\t\t\t\t\t<span style=\"width:100%\"><\/span>\n\t\t\t\t<\/span>\n\t\t\t<\/div>\n\n\t\t\t<p>1\u00e8re exp\u00e9rience r\u00e9ussie et je n\u2019h\u00e9siterai pas \u00e0 acheter un autre v\u00e9hicule chez eux . Je recommande \u00e0 100% .La livraison tout simplement g\u00e9nial. Je recommande fortement. Exp\u00e9rience \u00e0 renouveler sans h\u00e9siter.<\/p>\n\t\t\t<footer>\n\t\t\t\tRosine\n\t\t\t\t\t\t\t<\/footer>\n\t\t<\/div>\n\t<\/div>\n<\/div>\t\t\t\t\t\t\t\t\t\n<div class=\"testimonial column col-lg-6 col-md-6 col-12\">\n\t<div class=\"testimonial-inner\">\n\t\t\n\t\t<div class=\"testimonial-content\">\n\t\t\t<div class=\"testimonial-rating\">\n\t\t\t\t<span class=\"star-rating\">\n\t\t\t\t\t<span style=\"width:100%\"><\/span>\n\t\t\t\t<\/span>\n\t\t\t<\/div>\n\n\t\t\t<p>Gr\u00e2ce \u00e0 vous, j'ai pu acheter une magnifique 308. La voiture \u00e0 \u00e9t\u00e9 pr\u00e9par\u00e9 pour la vente dans les plus brefs d\u00e9lais. J'ai \u00e9t\u00e9 relativement satisfait du service, je recommande ce vendeur<\/p>\n\t\t\t<footer>\n\t\t\t\tG\u00e9rald\n\t\t\t\t\t\t\t<\/footer>\n\t\t<\/div>\n\t<\/div>\n<\/div>\t\t\t\t\t\t\t\t\t\n<div class=\"testimonial column col-lg-6 col-md-6 col-12\">\n\t<div class=\"testimonial-inner\">\n\t\t\n\t\t<div class=\"testimonial-content\">\n\t\t\t<div class=\"testimonial-rating\">\n\t\t\t\t<span class=\"star-rating\">\n\t\t\t\t\t<span style=\"width:100%\"><\/span>\n\t\t\t\t<\/span>\n\t\t\t<\/div>\n\n\t\t\t<p>Super service, je suis ravie. Tout s'est pass\u00e9 comme pr\u00e9vu. Je recommande chaudement ! Super exp\u00e9rience<\/p>\n\t\t\t<footer>\n\t\t\t\tGaston\n\t\t\t\t\t\t\t<\/footer>\n\t\t<\/div>\n\t<\/div>\n<\/div>\t\t\t\t\t\t\t\t\t\n<div class=\"testimonial column col-lg-6 col-md-6 col-12\">\n\t<div class=\"testimonial-inner\">\n\t\t\n\t\t<div class=\"testimonial-content\">\n\t\t\t<div class=\"testimonial-rating\">\n\t\t\t\t<span class=\"star-rating\">\n\t\t\t\t\t<span style=\"width:100%\"><\/span>\n\t\t\t\t<\/span>\n\t\t\t<\/div>\n\n\t\t\t<p>Voiture tr\u00e8s belle , sans surprise , livr\u00e9e devant chez moi . Seul petit b\u00e9mol le kit anti crevaison et tout ce qu'il y avait dans le coffre a disparu . Pour ce petit d\u00e9sagr\u00e9ment j'ai eu une conseill\u00e8re tr\u00e8s pro qui m'a dit d'aller en acheter un autre chez un \u00e9quipementier partenaire . Je recommande a 100%<\/p>\n\t\t\t<footer>\n\t\t\t\tJanvier\n\t\t\t\t\t\t\t<\/footer>\n\t\t<\/div>\n\t<\/div>\n<\/div>\t\t\t\t\t\t\t\t\t\n<div class=\"testimonial column col-lg-6 col-md-6 col-12\">\n\t<div class=\"testimonial-inner\">\n\t\t\n\t\t<div class=\"testimonial-content\">\n\t\t\t<div class=\"testimonial-rating\">\n\t\t\t\t<span class=\"star-rating\">\n\t\t\t\t\t<span style=\"width:100%\"><\/span>\n\t\t\t\t<\/span>\n\t\t\t<\/div>\n\n\t\t\t<p>Tr\u00e8s bon accueil personne sympathique et \u00e0 l'\u00e9coute.Tout s'est fait par telephone,texto,WhatsApp,photos et le vehicule correspondait parfaitement a mes attentes.Reception du vehicule tres propre.Merci a J\u00e9r\u00f4me Dr\u00e9an pour son professionnalisme et son savoir ,je recommande.<\/p>\n\t\t\t<footer>\n\t\t\t\tJeanne\n\t\t\t\t\t\t\t<\/footer>\n\t\t<\/div>\n\t<\/div>\n<\/div>\t\t\t\t\t\t\t\t\t\n<div class=\"testimonial column col-lg-6 col-md-6 col-12\">\n\t<div class=\"testimonial-inner\">\n\t\t\n\t\t<div class=\"testimonial-content\">\n\t\t\t<div class=\"testimonial-rating\">\n\t\t\t\t<span class=\"star-rating\">\n\t\t\t\t\t<span style=\"width:100%\"><\/span>\n\t\t\t\t<\/span>\n\t\t\t<\/div>\n\n\t\t\t<p>Tr\u00e8s content du garage. J'ai confi\u00e9 la vente de mon v\u00e9hicule \u00e0 J\u00e9r\u00f4me . Tout c'est tr\u00e8s bien pass\u00e9 . Je remercie J\u00e9r\u00f4me pour son professionnalisme.<\/p>\n\t\t\t<footer>\n\t\t\t\tMarie-Pierre\n\t\t\t\t\t\t\t<\/footer>\n\t\t<\/div>\n\t<\/div>\n<\/div>\t\t\t\t\t\t\t\t\t\n<div class=\"testimonial column col-lg-6 col-md-6 col-12\">\n\t<div class=\"testimonial-inner\">\n\t\t\n\t\t<div class=\"testimonial-content\">\n\t\t\t<div class=\"testimonial-rating\">\n\t\t\t\t<span class=\"star-rating\">\n\t\t\t\t\t<span style=\"width:100%\"><\/span>\n\t\t\t\t<\/span>\n\t\t\t<\/div>\n\n\t\t\t<p>Professionnel tr\u00e8s s\u00e9rieux. J\u2019ai achet\u00e9 mon v\u00e9hicule \u00e0 distance et il est conforme \u00e0 la description. Merci pour votre confiance \u00e9galement.<\/p>\n\t\t\t<footer>\n\t\t\t\tConstant\n\t\t\t\t\t\t\t<\/footer>\n\t\t<\/div>\n\t<\/div>\n<\/div>\t\t\t\t\t\t\t<\/div>\n\t\t<\/div>\n\t\t\t\t\t\t<\/div>\n\t\t\t\t<\/div>\n\t\t\t\t\t<\/div>\n\t\t<\/div>\n\t\t\t\t\t<\/div>\n\t\t<\/section>\n\t\t\t\t<section class=\"elementor-section elementor-top-section elementor-element elementor-element-17b073f elementor-section-boxed elementor-section-height-default elementor-section-height-default wd-section-disabled\" data-id=\"17b073f\" data-element_type=\"section\" data-e-type=\"section\">\n\t\t\t\t\t\t<div class=\"elementor-container elementor-column-gap-default\">\n\t\t\t\t\t<div class=\"elementor-column elementor-col-100 elementor-top-column elementor-element elementor-element-64bf52f\" data-id=\"64bf52f\" data-element_type=\"column\" data-e-type=\"column\">\n\t\t\t<div class=\"elementor-widget-wrap elementor-element-populated\">\n\t\t\t\t\t\t<div class=\"elementor-element elementor-element-315b3ff elementor-widget elementor-widget-wd_title\" data-id=\"315b3ff\" data-element_type=\"widget\" data-e-type=\"widget\" data-widget_type=\"wd_title.default\">\n\t\t\t\t<div class=\"elementor-widget-container\">\n\t\t\t\t\t\t\t<div class=\"title-wrapper set-mb-s reset-last-child wd-title-color-primary wd-title-style-bordered wd-title-size-default text-center\">\n\n\t\t\t\n\t\t\t<div class=\"liner-continer\">\n\t\t\t\t<h4 class=\"woodmart-title-container title wd-fontsize-l\">BERTU AUTOMOBILES C'EST,<\/h4> \n\t\t\t\t\t\t\t<\/div>\n\n\t\t\t\t\t<\/div>\n\t\t\t\t\t\t<\/div>\n\t\t\t\t<\/div>\n\t\t\t\t<section class=\"elementor-section elementor-inner-section elementor-element elementor-element-cc44c80 elementor-section-boxed elementor-section-height-default elementor-section-height-default wd-section-disabled\" data-id=\"cc44c80\" data-element_type=\"section\" data-e-type=\"section\">\n\t\t\t\t\t\t<div class=\"elementor-container elementor-column-gap-default\">\n\t\t\t\t\t<div class=\"elementor-column elementor-col-50 elementor-inner-column elementor-element elementor-element-1ccd694\" data-id=\"1ccd694\" data-element_type=\"column\" data-e-type=\"column\">\n\t\t\t<div class=\"elementor-widget-wrap elementor-element-populated\">\n\t\t\t\t\t\t<div class=\"elementor-element elementor-element-df572d5 elementor-widget elementor-widget-wd_infobox\" data-id=\"df572d5\" data-element_type=\"widget\" data-e-type=\"widget\" data-widget_type=\"wd_infobox.default\">\n\t\t\t\t<div class=\"elementor-widget-container\">\n\t\t\t\t\t\t\t<div class=\"info-box-wrapper\">\n\t\t\t<div class=\"wd-info-box text-left box-icon-align-left box-style-base color-scheme- wd-items-top\"  style=\"\">\n\t\t\t\t\t\t\t\t\t<div class=\"box-icon-wrapper  box-with-icon box-icon-with-bg\">\n\t\t\t\t\t\t<div class=\"info-box-icon\">\n\t\t\t\t\t\t\t\t\t\t\t\t\t\t\t<img decoding=\"async\" width=\"45\" height=\"45\" src=\"https:\/\/bertu-automobiles.com\/wp-content\/uploads\/2023\/10\/traffic-jam-45x45.png\" class=\"attachment-45x45 size-45x45\" alt=\"\" srcset=\"https:\/\/bertu-automobiles.com\/wp-content\/uploads\/2023\/10\/traffic-jam-45x45.png 45w, https:\/\/bertu-automobiles.com\/wp-content\/uploads\/2023\/10\/traffic-jam-300x300.png 300w, https:\/\/bertu-automobiles.com\/wp-content\/uploads\/2023\/10\/traffic-jam-150x150.png 150w, https:\/\/bertu-automobiles.com\/wp-content\/uploads\/2023\/10\/traffic-jam-430x430.png 430w, https:\/\/bertu-automobiles.com\/wp-content\/uploads\/2023\/10\/traffic-jam.png 512w\" sizes=\"(max-width: 45px) 100vw, 45px\" \/>\t\t\t\t\t\t\t\t\t\t\t\t\t<\/div>\n\t\t\t\t\t<\/div>\n\t\t\t\t\n\t\t\t\t<div class=\"info-box-content\">\n\t\t\t\t\t\n\t\t\t\t\t\t\t\t\t\t\t<h4\t\t\t\t\t\tclass=\"info-box-title title box-title-style-default wd-fontsize-s\" data-elementor-setting-key=\"title\">\n\t\t\t\t\t\t\t\tPlus de choix\t\t\t\t\t\t<\/h4>\n\t\t\t\t\t\n\t\t\t\t\t<div class=\"info-box-inner set-cont-mb-s reset-last-child\"data-elementor-setting-key=\"content\"><p>Plus de 1000 v\u00e9hicules disponibles imm\u00e9diatement.<\/p>\n<\/div>\n\t\n\t\t\t\t\t\t\t\t\t<\/div>\n\t\t\t<\/div>\n\t\t<\/div>\n\t\t\t\t\t\t<\/div>\n\t\t\t\t<\/div>\n\t\t\t\t<div class=\"elementor-element elementor-element-1c4c19b elementor-widget elementor-widget-wd_infobox\" data-id=\"1c4c19b\" data-element_type=\"widget\" data-e-type=\"widget\" data-widget_type=\"wd_infobox.default\">\n\t\t\t\t<div class=\"elementor-widget-container\">\n\t\t\t\t\t\t\t<div class=\"info-box-wrapper\">\n\t\t\t<div class=\"wd-info-box text-left box-icon-align-left box-style-base color-scheme- wd-items-top\"  style=\"\">\n\t\t\t\t\t\t\t\t\t<div class=\"box-icon-wrapper  box-with-icon box-icon-with-bg\">\n\t\t\t\t\t\t<div class=\"info-box-icon\">\n\t\t\t\t\t\t\t\t\t\t\t\t\t\t\t<img decoding=\"async\" width=\"45\" height=\"45\" src=\"https:\/\/bertu-automobiles.com\/wp-content\/uploads\/2023\/10\/maintenance-45x45.png\" class=\"attachment-45x45 size-45x45\" alt=\"\" srcset=\"https:\/\/bertu-automobiles.com\/wp-content\/uploads\/2023\/10\/maintenance-45x45.png 45w, https:\/\/bertu-automobiles.com\/wp-content\/uploads\/2023\/10\/maintenance-300x300.png 300w, https:\/\/bertu-automobiles.com\/wp-content\/uploads\/2023\/10\/maintenance-150x150.png 150w, https:\/\/bertu-automobiles.com\/wp-content\/uploads\/2023\/10\/maintenance-430x430.png 430w, https:\/\/bertu-automobiles.com\/wp-content\/uploads\/2023\/10\/maintenance.png 512w\" sizes=\"(max-width: 45px) 100vw, 45px\" \/>\t\t\t\t\t\t\t\t\t\t\t\t\t<\/div>\n\t\t\t\t\t<\/div>\n\t\t\t\t\n\t\t\t\t<div class=\"info-box-content\">\n\t\t\t\t\t\n\t\t\t\t\t\t\t\t\t\t\t<h4\t\t\t\t\t\tclass=\"info-box-title title box-title-style-default wd-fontsize-s\" data-elementor-setting-key=\"title\">\n\t\t\t\t\t\t\t\tEntretien\t\t\t\t\t\t<\/h4>\n\t\t\t\t\t\n\t\t\t\t\t<div class=\"info-box-inner set-cont-mb-s reset-last-child\"data-elementor-setting-key=\"content\"><p>Tous les v\u00e9hicules sont entretenus en concession et vendu avec la garantie constructeur.<\/p>\n<\/div>\n\t\n\t\t\t\t\t\t\t\t\t<\/div>\n\t\t\t<\/div>\n\t\t<\/div>\n\t\t\t\t\t\t<\/div>\n\t\t\t\t<\/div>\n\t\t\t\t\t<\/div>\n\t\t<\/div>\n\t\t\t\t<div class=\"elementor-column elementor-col-50 elementor-inner-column elementor-element elementor-element-c4b9b40\" data-id=\"c4b9b40\" data-element_type=\"column\" data-e-type=\"column\">\n\t\t\t<div class=\"elementor-widget-wrap elementor-element-populated\">\n\t\t\t\t\t\t<div class=\"elementor-element elementor-element-9d00d48 elementor-widget elementor-widget-wd_infobox\" data-id=\"9d00d48\" data-element_type=\"widget\" data-e-type=\"widget\" data-widget_type=\"wd_infobox.default\">\n\t\t\t\t<div class=\"elementor-widget-container\">\n\t\t\t\t\t\t\t<div class=\"info-box-wrapper\">\n\t\t\t<div class=\"wd-info-box text-left box-icon-align-left box-style-base color-scheme- wd-items-top\"  style=\"\">\n\t\t\t\t\t\t\t\t\t<div class=\"box-icon-wrapper  box-with-icon box-icon-with-bg\">\n\t\t\t\t\t\t<div class=\"info-box-icon\">\n\t\t\t\t\t\t\t\t\t\t\t\t\t\t\t<img decoding=\"async\" width=\"45\" height=\"45\" src=\"https:\/\/bertu-automobiles.com\/wp-content\/uploads\/2023\/10\/car-sales-45x45.png\" class=\"attachment-45x45 size-45x45\" alt=\"\" srcset=\"https:\/\/bertu-automobiles.com\/wp-content\/uploads\/2023\/10\/car-sales-45x45.png 45w, https:\/\/bertu-automobiles.com\/wp-content\/uploads\/2023\/10\/car-sales-300x300.png 300w, https:\/\/bertu-automobiles.com\/wp-content\/uploads\/2023\/10\/car-sales-150x150.png 150w, https:\/\/bertu-automobiles.com\/wp-content\/uploads\/2023\/10\/car-sales-430x430.png 430w, https:\/\/bertu-automobiles.com\/wp-content\/uploads\/2023\/10\/car-sales.png 512w\" sizes=\"(max-width: 45px) 100vw, 45px\" \/>\t\t\t\t\t\t\t\t\t\t\t\t\t<\/div>\n\t\t\t\t\t<\/div>\n\t\t\t\t\n\t\t\t\t<div class=\"info-box-content\">\n\t\t\t\t\t\n\t\t\t\t\t\t\t\t\t\t\t<h4\t\t\t\t\t\tclass=\"info-box-title title box-title-style-default wd-fontsize-s\" data-elementor-setting-key=\"title\">\n\t\t\t\t\t\t\t\t\u00c9conomique\t\t\t\t\t\t<\/h4>\n\t\t\t\t\t\n\t\t\t\t\t<div class=\"info-box-inner set-cont-mb-s reset-last-child\"data-elementor-setting-key=\"content\"><p>Trouver sa voiture avec plus de 25 % d'\u00e9conomies.<\/p>\n<\/div>\n\t\n\t\t\t\t\t\t\t\t\t<\/div>\n\t\t\t<\/div>\n\t\t<\/div>\n\t\t\t\t\t\t<\/div>\n\t\t\t\t<\/div>\n\t\t\t\t<div class=\"elementor-element elementor-element-cfd7bd2 elementor-widget elementor-widget-wd_infobox\" data-id=\"cfd7bd2\" data-element_type=\"widget\" data-e-type=\"widget\" data-widget_type=\"wd_infobox.default\">\n\t\t\t\t<div class=\"elementor-widget-container\">\n\t\t\t\t\t\t\t<div class=\"info-box-wrapper\">\n\t\t\t<div class=\"wd-info-box text-left box-icon-align-left box-style-base color-scheme- wd-items-top\"  style=\"\">\n\t\t\t\t\t\t\t\t\t<div class=\"box-icon-wrapper  box-with-icon box-icon-with-bg\">\n\t\t\t\t\t\t<div class=\"info-box-icon\">\n\t\t\t\t\t\t\t\t\t\t\t\t\t\t\t<img loading=\"lazy\" decoding=\"async\" width=\"45\" height=\"45\" src=\"https:\/\/bertu-automobiles.com\/wp-content\/uploads\/2023\/10\/price-45x45.png\" class=\"attachment-45x45 size-45x45\" alt=\"\" srcset=\"https:\/\/bertu-automobiles.com\/wp-content\/uploads\/2023\/10\/price-45x45.png 45w, https:\/\/bertu-automobiles.com\/wp-content\/uploads\/2023\/10\/price-300x300.png 300w, https:\/\/bertu-automobiles.com\/wp-content\/uploads\/2023\/10\/price-150x150.png 150w, https:\/\/bertu-automobiles.com\/wp-content\/uploads\/2023\/10\/price-430x430.png 430w, https:\/\/bertu-automobiles.com\/wp-content\/uploads\/2023\/10\/price.png 512w\" sizes=\"(max-width: 45px) 100vw, 45px\" \/>\t\t\t\t\t\t\t\t\t\t\t\t\t<\/div>\n\t\t\t\t\t<\/div>\n\t\t\t\t\n\t\t\t\t<div class=\"info-box-content\">\n\t\t\t\t\t\n\t\t\t\t\t\t\t\t\t\t\t<h4\t\t\t\t\t\tclass=\"info-box-title title box-title-style-default wd-fontsize-s\" data-elementor-setting-key=\"title\">\n\t\t\t\t\t\t\t\tPrix\t\t\t\t\t\t<\/h4>\n\t\t\t\t\t\n\t\t\t\t\t<div class=\"info-box-inner set-cont-mb-s reset-last-child\"data-elementor-setting-key=\"content\"><p>Le march\u00e9 Allemand propose des v\u00e9hicules d\u2019occasions \u00e0 des prix tr\u00e8s abordables.<\/p>\n<\/div>\n\t\n\t\t\t\t\t\t\t\t\t<\/div>\n\t\t\t<\/div>\n\t\t<\/div>\n\t\t\t\t\t\t<\/div>\n\t\t\t\t<\/div>\n\t\t\t\t\t<\/div>\n\t\t<\/div>\n\t\t\t\t\t<\/div>\n\t\t<\/section>\n\t\t\t\t\t<\/div>\n\t\t<\/div>\n\t\t\t\t\t<\/div>\n\t\t<\/section>\n\t\t\t\t<\/div>","protected":false},"excerpt":{"rendered":"<p>BERTU AUTOMOBILES Notre monde rend heureux Aucune surprise apr\u00e8s la commende ni lors de la r\u00e9ception de la voiture. Celle-ci<\/p>","protected":false},"author":1,"featured_media":0,"parent":0,"menu_order":0,"comment_status":"closed","ping_status":"closed","template":"","meta":{"footnotes":""},"class_list":["post-15583","page","type-page","status-publish","hentry"],"_links":{"self":[{"href":"https:\/\/bertu-automobiles.com\/fr\/wp-json\/wp\/v2\/pages\/15583","targetHints":{"allow":["GET"]}}],"collection":[{"href":"https:\/\/bertu-automobiles.com\/fr\/wp-json\/wp\/v2\/pages"}],"about":[{"href":"https:\/\/bertu-automobiles.com\/fr\/wp-json\/wp\/v2\/types\/page"}],"author":[{"embeddable":true,"href":"https:\/\/bertu-automobiles.com\/fr\/wp-json\/wp\/v2\/users\/1"}],"replies":[{"embeddable":true,"href":"https:\/\/bertu-automobiles.com\/fr\/wp-json\/wp\/v2\/comments?post=15583"}],"version-history":[{"count":28,"href":"https:\/\/bertu-automobiles.com\/fr\/wp-json\/wp\/v2\/pages\/15583\/revisions"}],"predecessor-version":[{"id":16044,"href":"https:\/\/bertu-automobiles.com\/fr\/wp-json\/wp\/v2\/pages\/15583\/revisions\/16044"}],"wp:attachment":[{"href":"https:\/\/bertu-automobiles.com\/fr\/wp-json\/wp\/v2\/media?parent=15583"}],"curies":[{"name":"wp","href":"https:\/\/api.w.org\/{rel}","templated":true}]}}