{"id":15588,"date":"2023-10-30T20:22:12","date_gmt":"2023-10-30T20:22:12","guid":{"rendered":"https:\/\/bertu-automobiles.com\/?page_id=15588"},"modified":"2026-03-10T11:40:03","modified_gmt":"2026-03-10T11:40:03","slug":"conditions-de-ventes","status":"publish","type":"page","link":"https:\/\/bertu-automobiles.com\/fr\/conditions-de-ventes\/","title":{"rendered":"Conditions de ventes"},"content":{"rendered":"<div data-elementor-type=\"wp-page\" data-elementor-id=\"15588\" class=\"elementor elementor-15588\" data-elementor-post-type=\"page\">\n\t\t\t\t\t\t<section class=\"elementor-section elementor-top-section elementor-element elementor-element-7a041e7b elementor-section-boxed elementor-section-height-default elementor-section-height-default wd-section-disabled\" data-id=\"7a041e7b\" data-element_type=\"section\" data-e-type=\"section\">\n\t\t\t\t\t\t<div class=\"elementor-container elementor-column-gap-default\">\n\t\t\t\t\t<div class=\"elementor-column elementor-col-100 elementor-top-column elementor-element elementor-element-7ff2cdb9\" data-id=\"7ff2cdb9\" data-element_type=\"column\" data-e-type=\"column\">\n\t\t\t<div class=\"elementor-widget-wrap elementor-element-populated\">\n\t\t\t\t\t\t<div class=\"elementor-element elementor-element-2523fc67 elementor-widget elementor-widget-wd_title\" data-id=\"2523fc67\" data-element_type=\"widget\" data-e-type=\"widget\" data-widget_type=\"wd_title.default\">\n\t\t\t\t<div class=\"elementor-widget-container\">\n\t\t\t\t\t\t\t<div class=\"title-wrapper set-mb-s reset-last-child wd-title-color-default wd-title-style-underlined wd-title-size-default text-left\">\n\n\t\t\t\n\t\t\t<div class=\"liner-continer\">\n\t\t\t\t<h4 class=\"woodmart-title-container title wd-fontsize-l\">Informations avant achat<\/h4> \n\t\t\t\t\t\t\t<\/div>\n\n\t\t\t\t\t<\/div>\n\t\t\t\t\t\t<\/div>\n\t\t\t\t<\/div>\n\t\t\t\t<section class=\"elementor-section elementor-inner-section elementor-element elementor-element-5b5765b9 elementor-section-boxed elementor-section-height-default elementor-section-height-default wd-section-disabled\" data-id=\"5b5765b9\" data-element_type=\"section\" data-e-type=\"section\">\n\t\t\t\t\t\t<div class=\"elementor-container elementor-column-gap-extended\">\n\t\t\t\t\t<div class=\"elementor-column elementor-col-50 elementor-inner-column elementor-element elementor-element-1c1d45a1\" data-id=\"1c1d45a1\" data-element_type=\"column\" data-e-type=\"column\">\n\t\t\t<div class=\"elementor-widget-wrap elementor-element-populated\">\n\t\t\t\t\t\t<div class=\"elementor-element elementor-element-7ee8bc01 elementor-widget elementor-widget-wd_text_block\" data-id=\"7ee8bc01\" data-element_type=\"widget\" data-e-type=\"widget\" data-widget_type=\"wd_text_block.default\">\n\t\t\t\t<div class=\"elementor-widget-container\">\n\t\t\t\t\t\t\t<div class=\"wd-text-block reset-last-child text-left\">\n\t\t\t\n\t\t\t<h5 class=\"elementor-icon-box-title\"><strong>Exportation<\/strong><\/h5><p>Nous offrons des opportunit\u00e9s de voitures export\u00e9es de l\u2019Allemagne en parfait \u00e9tat niveau carrosserie et moteur , non accident\u00e9es, \u00e0 des prix tr\u00e8s attractifs. Nous livrons en France, Belgique et au Portugal. Les tarifs que nous appliquons en Allemagne sont les m\u00eames que nous offrons pour la France, Belgique et au Portugal ce qui explique l\u2019attractivit\u00e9 de nos prix. A ce prix est ajout\u00e9 500\u20ac de transport pour avoir une voiture immatricul\u00e9e avec carte grise que ce soit en France ou en Belgique.<span style=\"font-size: 14px; background-color: var(--wd-main-bgcolor); color: var(--wd-text-color);\"><\/span><\/p>\n\t\t\t\t\t<\/div>\n\t\t\t\t\t\t<\/div>\n\t\t\t\t<\/div>\n\t\t\t\t<div class=\"elementor-element elementor-element-3a68110c elementor-widget elementor-widget-wd_text_block\" data-id=\"3a68110c\" data-element_type=\"widget\" data-e-type=\"widget\" data-widget_type=\"wd_text_block.default\">\n\t\t\t\t<div class=\"elementor-widget-container\">\n\t\t\t\t\t\t\t<div class=\"wd-text-block reset-last-child text-left\">\n\t\t\t\n\t\t\t<h5 class=\"elementor-icon-box-title\"><strong>Facilit\u00e9 de paiement<\/strong><\/h5><p>Pour un paiement en plusieurs fois , vous aurez a verser un acompte minimum de 25% et les 75% restants en mensualit\u00e9 , sur une dur\u00e9e de votre choix entre 6 \u00e0 36 mois a un taux de 0%.<\/p><p><strong>Documents \u00e0 fournir<\/strong><br \/>\u00a0 -Pi\u00e8ce d\u2019identit\u00e9<br \/>\u00a0 -Facture de domicile .<\/p>\n\t\t\t\t\t<\/div>\n\t\t\t\t\t\t<\/div>\n\t\t\t\t<\/div>\n\t\t\t\t<div class=\"elementor-element elementor-element-54a1a36 elementor-widget elementor-widget-wd_text_block\" data-id=\"54a1a36\" data-element_type=\"widget\" data-e-type=\"widget\" data-widget_type=\"wd_text_block.default\">\n\t\t\t\t<div class=\"elementor-widget-container\">\n\t\t\t\t\t\t\t<div class=\"wd-text-block reset-last-child text-left\">\n\t\t\t\n\t\t\t<h5 class=\"elementor-icon-box-title\"><strong>Simulation<\/strong><\/h5><p>Pour une voiture \u00e0 10.000\u20ac sur annonce , le prix de vente avec carte grise en votre nom et livraison \u00e0 domicile est de 10.500\u20ac. Le d\u00e9lai de livraison pour la Belgique ou la France : 5 jours.<\/p>\n\t\t\t\t\t<\/div>\n\t\t\t\t\t\t<\/div>\n\t\t\t\t<\/div>\n\t\t\t\t\t<\/div>\n\t\t<\/div>\n\t\t\t\t<div class=\"elementor-column elementor-col-50 elementor-inner-column elementor-element elementor-element-251fa797\" data-id=\"251fa797\" data-element_type=\"column\" data-e-type=\"column\">\n\t\t\t<div class=\"elementor-widget-wrap elementor-element-populated\">\n\t\t\t\t\t\t<div class=\"elementor-element elementor-element-7a57fb6b elementor-widget elementor-widget-wd_text_block\" data-id=\"7a57fb6b\" data-element_type=\"widget\" data-e-type=\"widget\" data-widget_type=\"wd_text_block.default\">\n\t\t\t\t<div class=\"elementor-widget-container\">\n\t\t\t\t\t\t\t<div class=\"wd-text-block reset-last-child text-left\">\n\t\t\t\n\t\t\t<h5 class=\"elementor-icon-box-title\"><strong>Politique de retour et garantie<\/strong><\/h5><p>Dans le cadre de garantir une meilleure transaction, nos ventes sont soumises \u00e0 des conditions et politiques de retour en vigueur:<\/p><p>\u2013 Apr\u00e8s livraison , conform\u00e9ment \u00e0 la loi en consommation sur internet , vous avez 14 jours pour refuser ou \u00e9changer le v\u00e9hicule ou vous faire rembourser<\/p><p>\u2013 En cas de non convenance apr\u00e8s v\u00e9rifications \u00e0 la livraison , la voiture peut \u00eatre refus\u00e9e ou chang\u00e9e par le client ou rembours\u00e9e sans autre forme de proc\u00e8s<\/p><p>\u2013 D\u00e8s la livraison de la voiture, un garage est attribu\u00e9 \u00e0 l\u2019acqu\u00e9reur dans son p\u00e9rim\u00e8tre de r\u00e9sidence et qui s\u2019occupe de la garantie sur la voiture.<\/p><p>Pour plus d\u2019informations sur les modalit\u00e9s de commande, contacter un commercial sur WHATSAPP OU SUR MESSENGER<\/p>\n\t\t\t\t\t<\/div>\n\t\t\t\t\t\t<\/div>\n\t\t\t\t<\/div>\n\t\t\t\t\t<\/div>\n\t\t<\/div>\n\t\t\t\t\t<\/div>\n\t\t<\/section>\n\t\t\t\t\t<\/div>\n\t\t<\/div>\n\t\t\t\t\t<\/div>\n\t\t<\/section>\n\t\t<div class=\"elementor-element elementor-element-34e5acf e-con-full e-flex wd-section-disabled e-con e-parent\" data-id=\"34e5acf\" data-element_type=\"container\" data-e-type=\"container\">\n\t\t\t\t<div class=\"elementor-element elementor-element-ceccc8c elementor-widget elementor-widget-wd_text_block\" data-id=\"ceccc8c\" data-element_type=\"widget\" data-e-type=\"widget\" data-widget_type=\"wd_text_block.default\">\n\t\t\t\t<div class=\"elementor-widget-container\">\n\t\t\t\t\t\t\t<div class=\"wd-text-block reset-last-child text-left\">\n\t\t\t\n\t\t\t<h5><strong>Important \u00e0 savoir<\/strong><\/h5><p>Pour commander un v\u00e9hicule, il vous sera \u00e9tabli un devis de commande.<br \/>Suite \u00e0 ce devis , nous exigeons le d\u00e9p\u00f4t d\u2019un acompte de 25% par virement bancaire avant l\u2019exp\u00e9dition du v\u00e9hicule car nous ne pouvons pas transporter un v\u00e9hicule sans aucun engagement d\u2019achat.<\/p><p>La livraison s\u2019effectue dans un d\u00e9lai de 5 jours pour 500\u20ac, Donc pour avoir le prix TTC ( toutes taxes comprises.) d\u2019un v\u00e9hicule vous ajoutez 500\u20ac au prix affich\u00e9 sur l\u2019annonce.<\/p><p>L\u2019avantage de nos prix de vente par rapport au prix march\u00e9 est du au fait que les importations effectu\u00e9es par notre soci\u00e9t\u00e9 ne sont plus soumises \u00e0 une TVA suppl\u00e9mentaire de 20% car nous sommes un professionnel Automobile et disposons d\u2019un num\u00e9ro de TVA INTRA pour exporter dans toute l\u2019Europe sans taxes suppl\u00e9mentaires.<\/p><p>-Le montant restant est pay\u00e9 \u00e0 la livraison apr\u00e8s essai du v\u00e9hicule .<\/p>\n\t\t\t\t\t<\/div>\n\t\t\t\t\t\t<\/div>\n\t\t\t\t<\/div>\n\t\t\t\t<\/div>\n\t\t<div class=\"elementor-element elementor-element-b5e0d8b e-flex e-con-boxed wd-section-disabled e-con e-parent\" data-id=\"b5e0d8b\" data-element_type=\"container\" data-e-type=\"container\">\n\t\t\t\t\t<div class=\"e-con-inner\">\n\t\t\t\t<div class=\"elementor-element elementor-element-f4f107d elementor-widget elementor-widget-spacer\" data-id=\"f4f107d\" data-element_type=\"widget\" data-e-type=\"widget\" data-widget_type=\"spacer.default\">\n\t\t\t\t<div class=\"elementor-widget-container\">\n\t\t\t\t\t\t\t<div class=\"elementor-spacer\">\n\t\t\t<div class=\"elementor-spacer-inner\"><\/div>\n\t\t<\/div>\n\t\t\t\t\t\t<\/div>\n\t\t\t\t<\/div>\n\t\t\t\t\t<\/div>\n\t\t\t\t<\/div>\n\t\t\t\t<section class=\"elementor-section elementor-top-section elementor-element elementor-element-2e781608 elementor-section-height-min-height elementor-section-items-stretch elementor-section-full_width elementor-section-stretched elementor-section-height-default wd-section-disabled\" data-id=\"2e781608\" data-element_type=\"section\" data-e-type=\"section\" data-settings=\"{&quot;background_background&quot;:&quot;classic&quot;,&quot;stretch_section&quot;:&quot;section-stretched&quot;}\">\n\t\t\t\t\t\t<div class=\"elementor-container elementor-column-gap-default\">\n\t\t\t\t\t<div class=\"elementor-column elementor-col-50 elementor-top-column elementor-element elementor-element-20e1f387 text-center\" data-id=\"20e1f387\" data-element_type=\"column\" data-e-type=\"column\">\n\t\t\t<div class=\"elementor-widget-wrap elementor-element-populated\">\n\t\t\t\t\t\t<div class=\"elementor-element elementor-element-1000ba45 elementor-widget elementor-widget-wd_title\" data-id=\"1000ba45\" data-element_type=\"widget\" data-e-type=\"widget\" data-widget_type=\"wd_title.default\">\n\t\t\t\t<div class=\"elementor-widget-container\">\n\t\t\t\t\t\t\t<div class=\"title-wrapper set-mb-s reset-last-child wd-title-color-white wd-title-style-default wd-title-size-large text-center\">\n\n\t\t\t\t\t\t\t<div class=\"title-subtitle subtitle-color-white subtitle-style-default wd-fontsize-xs\">\n\t\t\t\t\tBERTU AUTOMOBILES\t\t\t\t<\/div>\n\t\t\t\n\t\t\t<div class=\"liner-continer\">\n\t\t\t\t<h4 class=\"woodmart-title-container title wd-fontsize-xxl\">UN NOUVEAU V\u00c9HICULE POUR TOUS<\/h4> \n\t\t\t\t\t\t\t<\/div>\n\n\t\t\t\t\t<\/div>\n\t\t\t\t\t\t<\/div>\n\t\t\t\t<\/div>\n\t\t\t\t\t<\/div>\n\t\t<\/div>\n\t\t\t\t<div class=\"elementor-column elementor-col-50 elementor-top-column elementor-element elementor-element-4ae691b\" data-id=\"4ae691b\" data-element_type=\"column\" data-e-type=\"column\">\n\t\t\t<div class=\"elementor-widget-wrap elementor-element-populated\">\n\t\t\t\t\t\t<div class=\"elementor-element elementor-element-6ce7dc79 elementor-widget elementor-widget-wd_image_or_svg\" data-id=\"6ce7dc79\" data-element_type=\"widget\" data-e-type=\"widget\" data-widget_type=\"wd_image_or_svg.default\">\n\t\t\t\t<div class=\"elementor-widget-container\">\n\t\t\t\t\t\n\t\t<div class=\"wd-image text-left\">\n\t\t\t\t\t\t\t\t<img fetchpriority=\"high\" decoding=\"async\" width=\"666\" height=\"375\" src=\"https:\/\/bertu-automobiles.com\/wp-content\/uploads\/2023\/10\/S0-le-nouveau-land-rover-range-rover-velar-2023-a-partir-de-75-600eur-744725-removebg-preview.png\" class=\"attachment-full size-full\" alt=\"\" srcset=\"https:\/\/bertu-automobiles.com\/wp-content\/uploads\/2023\/10\/S0-le-nouveau-land-rover-range-rover-velar-2023-a-partir-de-75-600eur-744725-removebg-preview.png 666w, https:\/\/bertu-automobiles.com\/wp-content\/uploads\/2023\/10\/S0-le-nouveau-land-rover-range-rover-velar-2023-a-partir-de-75-600eur-744725-removebg-preview-400x225.png 400w, https:\/\/bertu-automobiles.com\/wp-content\/uploads\/2023\/10\/S0-le-nouveau-land-rover-range-rover-velar-2023-a-partir-de-75-600eur-744725-removebg-preview-430x242.png 430w, https:\/\/bertu-automobiles.com\/wp-content\/uploads\/2023\/10\/S0-le-nouveau-land-rover-range-rover-velar-2023-a-partir-de-75-600eur-744725-removebg-preview-150x84.png 150w\" sizes=\"(max-width: 666px) 100vw, 666px\" \/>\t\t\t\t\t<\/div>\n\n\t\t\t\t\t\t<\/div>\n\t\t\t\t<\/div>\n\t\t\t\t\t<\/div>\n\t\t<\/div>\n\t\t\t\t\t<\/div>\n\t\t<\/section>\n\t\t\t\t<\/div>","protected":false},"excerpt":{"rendered":"<p>Informations avant achat Exportation Nous offrons des opportunit\u00e9s de voitures export\u00e9es de l\u2019Allemagne en parfait \u00e9tat niveau carrosserie et moteur<\/p>","protected":false},"author":1,"featured_media":0,"parent":0,"menu_order":0,"comment_status":"closed","ping_status":"closed","template":"","meta":{"footnotes":""},"class_list":["post-15588","page","type-page","status-publish","hentry"],"_links":{"self":[{"href":"https:\/\/bertu-automobiles.com\/fr\/wp-json\/wp\/v2\/pages\/15588","targetHints":{"allow":["GET"]}}],"collection":[{"href":"https:\/\/bertu-automobiles.com\/fr\/wp-json\/wp\/v2\/pages"}],"about":[{"href":"https:\/\/bertu-automobiles.com\/fr\/wp-json\/wp\/v2\/types\/page"}],"author":[{"embeddable":true,"href":"https:\/\/bertu-automobiles.com\/fr\/wp-json\/wp\/v2\/users\/1"}],"replies":[{"embeddable":true,"href":"https:\/\/bertu-automobiles.com\/fr\/wp-json\/wp\/v2\/comments?post=15588"}],"version-history":[{"count":61,"href":"https:\/\/bertu-automobiles.com\/fr\/wp-json\/wp\/v2\/pages\/15588\/revisions"}],"predecessor-version":[{"id":16032,"href":"https:\/\/bertu-automobiles.com\/fr\/wp-json\/wp\/v2\/pages\/15588\/revisions\/16032"}],"wp:attachment":[{"href":"https:\/\/bertu-automobiles.com\/fr\/wp-json\/wp\/v2\/media?parent=15588"}],"curies":[{"name":"wp","href":"https:\/\/api.w.org\/{rel}","templated":true}]}}