{"id":15583,"date":"2023-10-30T20:17:46","date_gmt":"2023-10-30T20:17:46","guid":{"rendered":"https:\/\/bertu-automobiles.com\/?page_id=15583"},"modified":"2026-03-10T11:43:09","modified_gmt":"2026-03-10T11:43:09","slug":"avis-clients","status":"publish","type":"page","link":"https:\/\/bertu-automobiles.com\/it\/avis-clients\/","title":{"rendered":"Recensioni dei clienti"},"content":{"rendered":"<div data-elementor-type=\"wp-page\" data-elementor-id=\"15583\" class=\"elementor elementor-15583\" data-elementor-post-type=\"page\">\n\t\t\t\t\t\t<section class=\"elementor-section elementor-top-section elementor-element elementor-element-495d2b72 wd-section-stretch elementor-section-boxed elementor-section-height-default elementor-section-height-default\" data-id=\"495d2b72\" data-element_type=\"section\" data-e-type=\"section\" data-settings=\"{&quot;background_background&quot;:&quot;classic&quot;}\">\n\t\t\t\t\t\t<div class=\"elementor-container elementor-column-gap-default\">\n\t\t\t\t\t<div class=\"elementor-column elementor-col-100 elementor-top-column elementor-element elementor-element-1beeaae1\" data-id=\"1beeaae1\" data-element_type=\"column\" data-e-type=\"column\">\n\t\t\t<div class=\"elementor-widget-wrap elementor-element-populated\">\n\t\t\t\t\t\t<div class=\"elementor-element elementor-element-1db637c elementor-widget elementor-widget-wd_title\" data-id=\"1db637c\" data-element_type=\"widget\" data-e-type=\"widget\" data-widget_type=\"wd_title.default\">\n\t\t\t\t<div class=\"elementor-widget-container\">\n\t\t\t\t\t\t\t<div class=\"title-wrapper set-mb-s reset-last-child wd-title-color-primary wd-title-style-bordered wd-title-size-default text-center\">\n\n\t\t\t\t\t\t\t<div class=\"title-subtitle subtitle-color-primary subtitle-style-default wd-fontsize-xs\">\n\t\t\t\t\tBERTU AUTOMOBILES\t\t\t\t<\/div>\n\t\t\t\n\t\t\t<div class=\"liner-continer\">\n\t\t\t\t<h4 class=\"woodmart-title-container title wd-fontsize-l\">Il nostro mondo ci rende felici<\/h4> \n\t\t\t\t\t\t\t<\/div>\n\n\t\t\t\t\t<\/div>\n\t\t\t\t\t\t<\/div>\n\t\t\t\t<\/div>\n\t\t\t\t<div class=\"elementor-element elementor-element-ba175d1 elementor-widget elementor-widget-wd_testimonials\" data-id=\"ba175d1\" data-element_type=\"widget\" data-e-type=\"widget\" data-widget_type=\"wd_testimonials.default\">\n\t\t\t\t<div class=\"elementor-widget-container\">\n\t\t\t\t\t\t\t<div class=\"testimonials testimonials-wrapper testimonials-grid testimon-style-boxed  color-scheme- testimon-align-left\" id=\"carousel-1199\" >\n\t\t\t<div class=\"row wd-spacing-30\">\n\t\t\t\t\t\t\t\t\t\n<div class=\"testimonial column col-lg-6 col-md-6 col-12\">\n\t<div class=\"testimonial-inner\">\n\t\t\n\t\t<div class=\"testimonial-content\">\n\t\t\t<div class=\"testimonial-rating\">\n\t\t\t\t<span class=\"star-rating\">\n\t\t\t\t\t<span style=\"width:100%\"><\/span>\n\t\t\t\t<\/span>\n\t\t\t<\/div>\n\n\t\t\t<p>Nessuna sorpresa dopo l'ordine o al momento della ricezione dell'auto. Era pulitissima, praticamente nuova. L'autista alla consegna \u00e8 stato molto gentile. Il veicolo \u00e8 stato consegnato con un giorno di ritardo, ma sono stato avvisato. Ho l'auto da una settimana senza problemi e ho anche 14 giorni per provarla. Soddisfatti o rimborsati garantiti. Consiglio questo sito!<\/p>\n\t\t\t<footer>\n\t\t\t\tKingsley\n\t\t\t\t\t\t\t<\/footer>\n\t\t<\/div>\n\t<\/div>\n<\/div>\t\t\t\t\t\t\t\t\t\n<div class=\"testimonial column col-lg-6 col-md-6 col-12\">\n\t<div class=\"testimonial-inner\">\n\t\t\n\t\t<div class=\"testimonial-content\">\n\t\t\t<div class=\"testimonial-rating\">\n\t\t\t\t<span class=\"star-rating\">\n\t\t\t\t\t<span style=\"width:100%\"><\/span>\n\t\t\t\t<\/span>\n\t\t\t<\/div>\n\n\t\t\t<p>Inizialmente piuttosto titubante all'idea di importare una BMW dalla Germania, mi rivolgerei di nuovo senza esitazione a Premium Import. La comunicazione durante l'intero processo \u00e8 stata eccellente. Cynthia \u00e8 stata molto reattiva nel prenotare immediatamente il veicolo in Germania (il modello 340i GT xDrive Luxury era molto richiesto) e nel gestire poi tutte le pratiche amministrative. Grazie anche a Maxime per la sua calorosa accoglienza e il supporto completo.<\/p>\n\t\t\t<footer>\n\t\t\t\tOrson\n\t\t\t\t\t\t\t<\/footer>\n\t\t<\/div>\n\t<\/div>\n<\/div>\t\t\t\t\t\t\t\t\t\n<div class=\"testimonial column col-lg-6 col-md-6 col-12\">\n\t<div class=\"testimonial-inner\">\n\t\t\n\t\t<div class=\"testimonial-content\">\n\t\t\t<div class=\"testimonial-rating\">\n\t\t\t\t<span class=\"star-rating\">\n\t\t\t\t\t<span style=\"width:100%\"><\/span>\n\t\t\t\t<\/span>\n\t\t\t<\/div>\n\n\t\t\t<p>Perfetto dall'inizio alla fine! Ero un po' preoccupato perch\u00e9 non si pu\u00f2 vedere l'auto di persona, ma quella che ho ordinato soddisfaceva perfettamente le mie esigenze e le ha addirittura superate! Mi \u00e8 stata consegnata a domicilio come promesso e in tempo. Tutta la documentazione era pronta per la firma. Il servizio post-vendita \u00e8 eccellente, soprattutto con Alain, che \u00e8 sempre stato molto disponibile. Li consiglio vivamente e mi rivolger\u00f2 sicuramente di nuovo a loro per il mio prossimo veicolo!<\/p>\n\t\t\t<footer>\n\t\t\t\tKim\n\t\t\t\t\t\t\t<\/footer>\n\t\t<\/div>\n\t<\/div>\n<\/div>\t\t\t\t\t\t\t\t\t\n<div class=\"testimonial column col-lg-6 col-md-6 col-12\">\n\t<div class=\"testimonial-inner\">\n\t\t\n\t\t<div class=\"testimonial-content\">\n\t\t\t<div class=\"testimonial-rating\">\n\t\t\t\t<span class=\"star-rating\">\n\t\t\t\t\t<span style=\"width:100%\"><\/span>\n\t\t\t\t<\/span>\n\t\t\t<\/div>\n\n\t\t\t<p>Il veicolo \u00e8 stato consegnato come descritto, pulito e con tutta la documentazione a mio nome, preparata in anticipo e archiviata in modo ordinato. Tuttavia, non c'era spazio per negoziare sul prezzo, ma in cambio il servizio \u00e8 stato eccellente, con una procedura di acquisto semplice dall'inizio alla fine e la consegna a domicilio da parte di un agente attento e disponibile che si \u00e8 preso il tempo di rispondere a tutte le mie domande.<\/p>\n\t\t\t<footer>\n\t\t\t\tDerick\n\t\t\t\t\t\t\t<\/footer>\n\t\t<\/div>\n\t<\/div>\n<\/div>\t\t\t\t\t\t\t\t\t\n<div class=\"testimonial column col-lg-6 col-md-6 col-12\">\n\t<div class=\"testimonial-inner\">\n\t\t\n\t\t<div class=\"testimonial-content\">\n\t\t\t<div class=\"testimonial-rating\">\n\t\t\t\t<span class=\"star-rating\">\n\t\t\t\t\t<span style=\"width:100%\"><\/span>\n\t\t\t\t<\/span>\n\t\t\t<\/div>\n\n\t\t\t<p>Consiglio questo sito web per l'acquisto di un'auto. Grazie a questa azienda, ho acquistato la mia auto con un semplice acconto e il resto a rate mensili. Un'esperienza molto positiva. Nessun reclamo da fare, servizio chiaro e semplice. L'auto \u00e8 stata consegnata pulita, esattamente come descritta e secondo le nostre aspettative. Li consiglio.<\/p>\n\t\t\t<footer>\n\t\t\t\tElena\n\t\t\t\t\t\t\t<\/footer>\n\t\t<\/div>\n\t<\/div>\n<\/div>\t\t\t\t\t\t\t\t\t\n<div class=\"testimonial column col-lg-6 col-md-6 col-12\">\n\t<div class=\"testimonial-inner\">\n\t\t\n\t\t<div class=\"testimonial-content\">\n\t\t\t<div class=\"testimonial-rating\">\n\t\t\t\t<span class=\"star-rating\">\n\t\t\t\t\t<span style=\"width:100%\"><\/span>\n\t\t\t\t<\/span>\n\t\t\t<\/div>\n\n\t\t\t<p>La mia prima esperienza \u00e8 stata un successo e non esiterei ad acquistare un altro veicolo da loro. Li consiglio al 100%. La consegna \u00e8 stata semplicemente fantastica. Li consiglio vivamente. Mi rivolger\u00f2 sicuramente di nuovo a loro.<\/p>\n\t\t\t<footer>\n\t\t\t\tRosina\n\t\t\t\t\t\t\t<\/footer>\n\t\t<\/div>\n\t<\/div>\n<\/div>\t\t\t\t\t\t\t\t\t\n<div class=\"testimonial column col-lg-6 col-md-6 col-12\">\n\t<div class=\"testimonial-inner\">\n\t\t\n\t\t<div class=\"testimonial-content\">\n\t\t\t<div class=\"testimonial-rating\">\n\t\t\t\t<span class=\"star-rating\">\n\t\t\t\t\t<span style=\"width:100%\"><\/span>\n\t\t\t\t<\/span>\n\t\t\t<\/div>\n\n\t\t\t<p>Grazie a voi, ho potuto acquistare una splendida 308. L'auto \u00e8 stata preparata per la vendita molto rapidamente. Sono rimasto molto soddisfatto del servizio e consiglio questo venditore.<\/p>\n\t\t\t<footer>\n\t\t\t\tGerald\n\t\t\t\t\t\t\t<\/footer>\n\t\t<\/div>\n\t<\/div>\n<\/div>\t\t\t\t\t\t\t\t\t\n<div class=\"testimonial column col-lg-6 col-md-6 col-12\">\n\t<div class=\"testimonial-inner\">\n\t\t\n\t\t<div class=\"testimonial-content\">\n\t\t\t<div class=\"testimonial-rating\">\n\t\t\t\t<span class=\"star-rating\">\n\t\t\t\t\t<span style=\"width:100%\"><\/span>\n\t\t\t\t<\/span>\n\t\t\t<\/div>\n\n\t\t\t<p>Servizio eccellente, sono felicissimo. Tutto \u00e8 andato come previsto. Lo consiglio vivamente! Ottima esperienza.<\/p>\n\t\t\t<footer>\n\t\t\t\tGastone\n\t\t\t\t\t\t\t<\/footer>\n\t\t<\/div>\n\t<\/div>\n<\/div>\t\t\t\t\t\t\t\t\t\n<div class=\"testimonial column col-lg-6 col-md-6 col-12\">\n\t<div class=\"testimonial-inner\">\n\t\t\n\t\t<div class=\"testimonial-content\">\n\t\t\t<div class=\"testimonial-rating\">\n\t\t\t\t<span class=\"star-rating\">\n\t\t\t\t\t<span style=\"width:100%\"><\/span>\n\t\t\t\t<\/span>\n\t\t\t<\/div>\n\n\t\t\t<p>L'auto \u00e8 bellissima, come previsto, e mi \u00e8 stata consegnata direttamente a domicilio. L'unico piccolo inconveniente \u00e8 stata la mancanza del kit di riparazione pneumatici e di tutto il resto nel bagagliaio. Per questo piccolo inconveniente, ho parlato con un consulente molto professionale che mi ha consigliato di acquistare un'auto sostitutiva da un fornitore partner. Lo consiglio vivamente.<\/p>\n\t\t\t<footer>\n\t\t\t\tGennaio\n\t\t\t\t\t\t\t<\/footer>\n\t\t<\/div>\n\t<\/div>\n<\/div>\t\t\t\t\t\t\t\t\t\n<div class=\"testimonial column col-lg-6 col-md-6 col-12\">\n\t<div class=\"testimonial-inner\">\n\t\t\n\t\t<div class=\"testimonial-content\">\n\t\t\t<div class=\"testimonial-rating\">\n\t\t\t\t<span class=\"star-rating\">\n\t\t\t\t\t<span style=\"width:100%\"><\/span>\n\t\t\t\t<\/span>\n\t\t\t<\/div>\n\n\t\t\t<p>Un caloroso benvenuto da parte di una persona cordiale e attenta. Tutto \u00e8 stato fatto tramite telefono, SMS, WhatsApp e foto, e il veicolo ha soddisfatto perfettamente le mie aspettative. Il veicolo era pulitissimo quando l'ho ricevuto. Ringrazio J\u00e9r\u00f4me Dr\u00e9an per la sua professionalit\u00e0 e competenza; lo consiglio vivamente.<\/p>\n\t\t\t<footer>\n\t\t\t\tGiovanna\n\t\t\t\t\t\t\t<\/footer>\n\t\t<\/div>\n\t<\/div>\n<\/div>\t\t\t\t\t\t\t\t\t\n<div class=\"testimonial column col-lg-6 col-md-6 col-12\">\n\t<div class=\"testimonial-inner\">\n\t\t\n\t\t<div class=\"testimonial-content\">\n\t\t\t<div class=\"testimonial-rating\">\n\t\t\t\t<span class=\"star-rating\">\n\t\t\t\t\t<span style=\"width:100%\"><\/span>\n\t\t\t\t<\/span>\n\t\t\t<\/div>\n\n\t\t\t<p>Molto soddisfatto dell'officina. Ho affidato la vendita del mio veicolo a J\u00e9r\u00f4me. Tutto \u00e8 andato liscio come l'olio. Ringrazio J\u00e9r\u00f4me per la sua professionalit\u00e0.<\/p>\n\t\t\t<footer>\n\t\t\t\tMarie-Pierre\n\t\t\t\t\t\t\t<\/footer>\n\t\t<\/div>\n\t<\/div>\n<\/div>\t\t\t\t\t\t\t\t\t\n<div class=\"testimonial column col-lg-6 col-md-6 col-12\">\n\t<div class=\"testimonial-inner\">\n\t\t\n\t\t<div class=\"testimonial-content\">\n\t\t\t<div class=\"testimonial-rating\">\n\t\t\t\t<span class=\"star-rating\">\n\t\t\t\t\t<span style=\"width:100%\"><\/span>\n\t\t\t\t<\/span>\n\t\t\t<\/div>\n\n\t\t\t<p>Un professionista molto affidabile. Ho acquistato il mio veicolo a distanza e corrisponde alla descrizione. Grazie anche a voi per la fiducia.<\/p>\n\t\t\t<footer>\n\t\t\t\tCostante\n\t\t\t\t\t\t\t<\/footer>\n\t\t<\/div>\n\t<\/div>\n<\/div>\t\t\t\t\t\t\t<\/div>\n\t\t<\/div>\n\t\t\t\t\t\t<\/div>\n\t\t\t\t<\/div>\n\t\t\t\t\t<\/div>\n\t\t<\/div>\n\t\t\t\t\t<\/div>\n\t\t<\/section>\n\t\t\t\t<section class=\"elementor-section elementor-top-section elementor-element elementor-element-17b073f elementor-section-boxed elementor-section-height-default elementor-section-height-default wd-section-disabled\" data-id=\"17b073f\" data-element_type=\"section\" data-e-type=\"section\">\n\t\t\t\t\t\t<div class=\"elementor-container elementor-column-gap-default\">\n\t\t\t\t\t<div class=\"elementor-column elementor-col-100 elementor-top-column elementor-element elementor-element-64bf52f\" data-id=\"64bf52f\" data-element_type=\"column\" data-e-type=\"column\">\n\t\t\t<div class=\"elementor-widget-wrap elementor-element-populated\">\n\t\t\t\t\t\t<div class=\"elementor-element elementor-element-315b3ff elementor-widget elementor-widget-wd_title\" data-id=\"315b3ff\" data-element_type=\"widget\" data-e-type=\"widget\" data-widget_type=\"wd_title.default\">\n\t\t\t\t<div class=\"elementor-widget-container\">\n\t\t\t\t\t\t\t<div class=\"title-wrapper set-mb-s reset-last-child wd-title-color-primary wd-title-style-bordered wd-title-size-default text-center\">\n\n\t\t\t\n\t\t\t<div class=\"liner-continer\">\n\t\t\t\t<h4 class=\"woodmart-title-container title wd-fontsize-l\">BERTU AUTOMOBILES \u00c8<\/h4> \n\t\t\t\t\t\t\t<\/div>\n\n\t\t\t\t\t<\/div>\n\t\t\t\t\t\t<\/div>\n\t\t\t\t<\/div>\n\t\t\t\t<section class=\"elementor-section elementor-inner-section elementor-element elementor-element-cc44c80 elementor-section-boxed elementor-section-height-default elementor-section-height-default wd-section-disabled\" data-id=\"cc44c80\" data-element_type=\"section\" data-e-type=\"section\">\n\t\t\t\t\t\t<div class=\"elementor-container elementor-column-gap-default\">\n\t\t\t\t\t<div class=\"elementor-column elementor-col-50 elementor-inner-column elementor-element elementor-element-1ccd694\" data-id=\"1ccd694\" data-element_type=\"column\" data-e-type=\"column\">\n\t\t\t<div class=\"elementor-widget-wrap elementor-element-populated\">\n\t\t\t\t\t\t<div class=\"elementor-element elementor-element-df572d5 elementor-widget elementor-widget-wd_infobox\" data-id=\"df572d5\" data-element_type=\"widget\" data-e-type=\"widget\" data-widget_type=\"wd_infobox.default\">\n\t\t\t\t<div class=\"elementor-widget-container\">\n\t\t\t\t\t\t\t<div class=\"info-box-wrapper\">\n\t\t\t<div class=\"wd-info-box text-left box-icon-align-left box-style-base color-scheme- wd-items-top\"  style=\"\">\n\t\t\t\t\t\t\t\t\t<div class=\"box-icon-wrapper  box-with-icon box-icon-with-bg\">\n\t\t\t\t\t\t<div class=\"info-box-icon\">\n\t\t\t\t\t\t\t\t\t\t\t\t\t\t\t<img decoding=\"async\" width=\"45\" height=\"45\" src=\"https:\/\/bertu-automobiles.com\/wp-content\/uploads\/2023\/10\/traffic-jam-45x45.png\" class=\"attachment-45x45 size-45x45\" alt=\"\" srcset=\"https:\/\/bertu-automobiles.com\/wp-content\/uploads\/2023\/10\/traffic-jam-45x45.png 45w, https:\/\/bertu-automobiles.com\/wp-content\/uploads\/2023\/10\/traffic-jam-300x300.png 300w, https:\/\/bertu-automobiles.com\/wp-content\/uploads\/2023\/10\/traffic-jam-150x150.png 150w, https:\/\/bertu-automobiles.com\/wp-content\/uploads\/2023\/10\/traffic-jam-430x430.png 430w, https:\/\/bertu-automobiles.com\/wp-content\/uploads\/2023\/10\/traffic-jam.png 512w\" sizes=\"(max-width: 45px) 100vw, 45px\" \/>\t\t\t\t\t\t\t\t\t\t\t\t\t<\/div>\n\t\t\t\t\t<\/div>\n\t\t\t\t\n\t\t\t\t<div class=\"info-box-content\">\n\t\t\t\t\t\n\t\t\t\t\t\t\t\t\t\t\t<h4\t\t\t\t\t\tclass=\"info-box-title title box-title-style-default wd-fontsize-s\" data-elementor-setting-key=\"title\">\n\t\t\t\t\t\t\t\tPi\u00f9 scelte\t\t\t\t\t\t<\/h4>\n\t\t\t\t\t\n\t\t\t\t\t<div class=\"info-box-inner set-cont-mb-s reset-last-child\"data-elementor-setting-key=\"content\"><p>Oltre 1000 veicoli disponibili immediatamente.<\/p>\n<\/div>\n\t\n\t\t\t\t\t\t\t\t\t<\/div>\n\t\t\t<\/div>\n\t\t<\/div>\n\t\t\t\t\t\t<\/div>\n\t\t\t\t<\/div>\n\t\t\t\t<div class=\"elementor-element elementor-element-1c4c19b elementor-widget elementor-widget-wd_infobox\" data-id=\"1c4c19b\" data-element_type=\"widget\" data-e-type=\"widget\" data-widget_type=\"wd_infobox.default\">\n\t\t\t\t<div class=\"elementor-widget-container\">\n\t\t\t\t\t\t\t<div class=\"info-box-wrapper\">\n\t\t\t<div class=\"wd-info-box text-left box-icon-align-left box-style-base color-scheme- wd-items-top\"  style=\"\">\n\t\t\t\t\t\t\t\t\t<div class=\"box-icon-wrapper  box-with-icon box-icon-with-bg\">\n\t\t\t\t\t\t<div class=\"info-box-icon\">\n\t\t\t\t\t\t\t\t\t\t\t\t\t\t\t<img decoding=\"async\" width=\"45\" height=\"45\" src=\"https:\/\/bertu-automobiles.com\/wp-content\/uploads\/2023\/10\/maintenance-45x45.png\" class=\"attachment-45x45 size-45x45\" alt=\"\" srcset=\"https:\/\/bertu-automobiles.com\/wp-content\/uploads\/2023\/10\/maintenance-45x45.png 45w, https:\/\/bertu-automobiles.com\/wp-content\/uploads\/2023\/10\/maintenance-300x300.png 300w, https:\/\/bertu-automobiles.com\/wp-content\/uploads\/2023\/10\/maintenance-150x150.png 150w, https:\/\/bertu-automobiles.com\/wp-content\/uploads\/2023\/10\/maintenance-430x430.png 430w, https:\/\/bertu-automobiles.com\/wp-content\/uploads\/2023\/10\/maintenance.png 512w\" sizes=\"(max-width: 45px) 100vw, 45px\" \/>\t\t\t\t\t\t\t\t\t\t\t\t\t<\/div>\n\t\t\t\t\t<\/div>\n\t\t\t\t\n\t\t\t\t<div class=\"info-box-content\">\n\t\t\t\t\t\n\t\t\t\t\t\t\t\t\t\t\t<h4\t\t\t\t\t\tclass=\"info-box-title title box-title-style-default wd-fontsize-s\" data-elementor-setting-key=\"title\">\n\t\t\t\t\t\t\t\tColloquio\t\t\t\t\t\t<\/h4>\n\t\t\t\t\t\n\t\t\t\t\t<div class=\"info-box-inner set-cont-mb-s reset-last-child\"data-elementor-setting-key=\"content\"><p>Tutti i veicoli vengono sottoposti a manutenzione presso la concessionaria e venduti con la garanzia del produttore.<\/p>\n<\/div>\n\t\n\t\t\t\t\t\t\t\t\t<\/div>\n\t\t\t<\/div>\n\t\t<\/div>\n\t\t\t\t\t\t<\/div>\n\t\t\t\t<\/div>\n\t\t\t\t\t<\/div>\n\t\t<\/div>\n\t\t\t\t<div class=\"elementor-column elementor-col-50 elementor-inner-column elementor-element elementor-element-c4b9b40\" data-id=\"c4b9b40\" data-element_type=\"column\" data-e-type=\"column\">\n\t\t\t<div class=\"elementor-widget-wrap elementor-element-populated\">\n\t\t\t\t\t\t<div class=\"elementor-element elementor-element-9d00d48 elementor-widget elementor-widget-wd_infobox\" data-id=\"9d00d48\" data-element_type=\"widget\" data-e-type=\"widget\" data-widget_type=\"wd_infobox.default\">\n\t\t\t\t<div class=\"elementor-widget-container\">\n\t\t\t\t\t\t\t<div class=\"info-box-wrapper\">\n\t\t\t<div class=\"wd-info-box text-left box-icon-align-left box-style-base color-scheme- wd-items-top\"  style=\"\">\n\t\t\t\t\t\t\t\t\t<div class=\"box-icon-wrapper  box-with-icon box-icon-with-bg\">\n\t\t\t\t\t\t<div class=\"info-box-icon\">\n\t\t\t\t\t\t\t\t\t\t\t\t\t\t\t<img decoding=\"async\" width=\"45\" height=\"45\" src=\"https:\/\/bertu-automobiles.com\/wp-content\/uploads\/2023\/10\/car-sales-45x45.png\" class=\"attachment-45x45 size-45x45\" alt=\"\" srcset=\"https:\/\/bertu-automobiles.com\/wp-content\/uploads\/2023\/10\/car-sales-45x45.png 45w, https:\/\/bertu-automobiles.com\/wp-content\/uploads\/2023\/10\/car-sales-300x300.png 300w, https:\/\/bertu-automobiles.com\/wp-content\/uploads\/2023\/10\/car-sales-150x150.png 150w, https:\/\/bertu-automobiles.com\/wp-content\/uploads\/2023\/10\/car-sales-430x430.png 430w, https:\/\/bertu-automobiles.com\/wp-content\/uploads\/2023\/10\/car-sales.png 512w\" sizes=\"(max-width: 45px) 100vw, 45px\" \/>\t\t\t\t\t\t\t\t\t\t\t\t\t<\/div>\n\t\t\t\t\t<\/div>\n\t\t\t\t\n\t\t\t\t<div class=\"info-box-content\">\n\t\t\t\t\t\n\t\t\t\t\t\t\t\t\t\t\t<h4\t\t\t\t\t\tclass=\"info-box-title title box-title-style-default wd-fontsize-s\" data-elementor-setting-key=\"title\">\n\t\t\t\t\t\t\t\tEconomico\t\t\t\t\t\t<\/h4>\n\t\t\t\t\t\n\t\t\t\t\t<div class=\"info-box-inner set-cont-mb-s reset-last-child\"data-elementor-setting-key=\"content\"><p>Trova la tua auto con oltre il 25% di risparmio.<\/p>\n<\/div>\n\t\n\t\t\t\t\t\t\t\t\t<\/div>\n\t\t\t<\/div>\n\t\t<\/div>\n\t\t\t\t\t\t<\/div>\n\t\t\t\t<\/div>\n\t\t\t\t<div class=\"elementor-element elementor-element-cfd7bd2 elementor-widget elementor-widget-wd_infobox\" data-id=\"cfd7bd2\" data-element_type=\"widget\" data-e-type=\"widget\" data-widget_type=\"wd_infobox.default\">\n\t\t\t\t<div class=\"elementor-widget-container\">\n\t\t\t\t\t\t\t<div class=\"info-box-wrapper\">\n\t\t\t<div class=\"wd-info-box text-left box-icon-align-left box-style-base color-scheme- wd-items-top\"  style=\"\">\n\t\t\t\t\t\t\t\t\t<div class=\"box-icon-wrapper  box-with-icon box-icon-with-bg\">\n\t\t\t\t\t\t<div class=\"info-box-icon\">\n\t\t\t\t\t\t\t\t\t\t\t\t\t\t\t<img loading=\"lazy\" decoding=\"async\" width=\"45\" height=\"45\" src=\"https:\/\/bertu-automobiles.com\/wp-content\/uploads\/2023\/10\/price-45x45.png\" class=\"attachment-45x45 size-45x45\" alt=\"\" srcset=\"https:\/\/bertu-automobiles.com\/wp-content\/uploads\/2023\/10\/price-45x45.png 45w, https:\/\/bertu-automobiles.com\/wp-content\/uploads\/2023\/10\/price-300x300.png 300w, https:\/\/bertu-automobiles.com\/wp-content\/uploads\/2023\/10\/price-150x150.png 150w, https:\/\/bertu-automobiles.com\/wp-content\/uploads\/2023\/10\/price-430x430.png 430w, https:\/\/bertu-automobiles.com\/wp-content\/uploads\/2023\/10\/price.png 512w\" sizes=\"(max-width: 45px) 100vw, 45px\" \/>\t\t\t\t\t\t\t\t\t\t\t\t\t<\/div>\n\t\t\t\t\t<\/div>\n\t\t\t\t\n\t\t\t\t<div class=\"info-box-content\">\n\t\t\t\t\t\n\t\t\t\t\t\t\t\t\t\t\t<h4\t\t\t\t\t\tclass=\"info-box-title title box-title-style-default wd-fontsize-s\" data-elementor-setting-key=\"title\">\n\t\t\t\t\t\t\t\tPrezzo\t\t\t\t\t\t<\/h4>\n\t\t\t\t\t\n\t\t\t\t\t<div class=\"info-box-inner set-cont-mb-s reset-last-child\"data-elementor-setting-key=\"content\"><p>Il mercato tedesco offre veicoli usati a prezzi molto convenienti.<\/p>\n<\/div>\n\t\n\t\t\t\t\t\t\t\t\t<\/div>\n\t\t\t<\/div>\n\t\t<\/div>\n\t\t\t\t\t\t<\/div>\n\t\t\t\t<\/div>\n\t\t\t\t\t<\/div>\n\t\t<\/div>\n\t\t\t\t\t<\/div>\n\t\t<\/section>\n\t\t\t\t\t<\/div>\n\t\t<\/div>\n\t\t\t\t\t<\/div>\n\t\t<\/section>\n\t\t\t\t<\/div>","protected":false},"excerpt":{"rendered":"<p>BERTU AUTOMOBILES Notre monde rend heureux Aucune surprise apr\u00e8s la commende ni lors de la r\u00e9ception de la voiture. Celle-ci<\/p>","protected":false},"author":1,"featured_media":0,"parent":0,"menu_order":0,"comment_status":"closed","ping_status":"closed","template":"","meta":{"footnotes":""},"class_list":["post-15583","page","type-page","status-publish","hentry"],"_links":{"self":[{"href":"https:\/\/bertu-automobiles.com\/it\/wp-json\/wp\/v2\/pages\/15583","targetHints":{"allow":["GET"]}}],"collection":[{"href":"https:\/\/bertu-automobiles.com\/it\/wp-json\/wp\/v2\/pages"}],"about":[{"href":"https:\/\/bertu-automobiles.com\/it\/wp-json\/wp\/v2\/types\/page"}],"author":[{"embeddable":true,"href":"https:\/\/bertu-automobiles.com\/it\/wp-json\/wp\/v2\/users\/1"}],"replies":[{"embeddable":true,"href":"https:\/\/bertu-automobiles.com\/it\/wp-json\/wp\/v2\/comments?post=15583"}],"version-history":[{"count":28,"href":"https:\/\/bertu-automobiles.com\/it\/wp-json\/wp\/v2\/pages\/15583\/revisions"}],"predecessor-version":[{"id":16044,"href":"https:\/\/bertu-automobiles.com\/it\/wp-json\/wp\/v2\/pages\/15583\/revisions\/16044"}],"wp:attachment":[{"href":"https:\/\/bertu-automobiles.com\/it\/wp-json\/wp\/v2\/media?parent=15583"}],"curies":[{"name":"wp","href":"https:\/\/api.w.org\/{rel}","templated":true}]}}