{"id":15588,"date":"2023-10-30T20:22:12","date_gmt":"2023-10-30T20:22:12","guid":{"rendered":"https:\/\/bertu-automobiles.com\/?page_id=15588"},"modified":"2026-03-10T11:40:03","modified_gmt":"2026-03-10T11:40:03","slug":"conditions-de-ventes","status":"publish","type":"page","link":"https:\/\/bertu-automobiles.com\/it\/conditions-de-ventes\/","title":{"rendered":"Condizioni di vendita"},"content":{"rendered":"<div data-elementor-type=\"wp-page\" data-elementor-id=\"15588\" class=\"elementor elementor-15588\" data-elementor-post-type=\"page\">\n\t\t\t\t\t\t<section class=\"elementor-section elementor-top-section elementor-element elementor-element-7a041e7b elementor-section-boxed elementor-section-height-default elementor-section-height-default wd-section-disabled\" data-id=\"7a041e7b\" data-element_type=\"section\" data-e-type=\"section\">\n\t\t\t\t\t\t<div class=\"elementor-container elementor-column-gap-default\">\n\t\t\t\t\t<div class=\"elementor-column elementor-col-100 elementor-top-column elementor-element elementor-element-7ff2cdb9\" data-id=\"7ff2cdb9\" data-element_type=\"column\" data-e-type=\"column\">\n\t\t\t<div class=\"elementor-widget-wrap elementor-element-populated\">\n\t\t\t\t\t\t<div class=\"elementor-element elementor-element-2523fc67 elementor-widget elementor-widget-wd_title\" data-id=\"2523fc67\" data-element_type=\"widget\" data-e-type=\"widget\" data-widget_type=\"wd_title.default\">\n\t\t\t\t<div class=\"elementor-widget-container\">\n\t\t\t\t\t\t\t<div class=\"title-wrapper set-mb-s reset-last-child wd-title-color-default wd-title-style-underlined wd-title-size-default text-left\">\n\n\t\t\t\n\t\t\t<div class=\"liner-continer\">\n\t\t\t\t<h4 class=\"woodmart-title-container title wd-fontsize-l\">Informazioni prima dell'acquisto<\/h4> \n\t\t\t\t\t\t\t<\/div>\n\n\t\t\t\t\t<\/div>\n\t\t\t\t\t\t<\/div>\n\t\t\t\t<\/div>\n\t\t\t\t<section class=\"elementor-section elementor-inner-section elementor-element elementor-element-5b5765b9 elementor-section-boxed elementor-section-height-default elementor-section-height-default wd-section-disabled\" data-id=\"5b5765b9\" data-element_type=\"section\" data-e-type=\"section\">\n\t\t\t\t\t\t<div class=\"elementor-container elementor-column-gap-extended\">\n\t\t\t\t\t<div class=\"elementor-column elementor-col-50 elementor-inner-column elementor-element elementor-element-1c1d45a1\" data-id=\"1c1d45a1\" data-element_type=\"column\" data-e-type=\"column\">\n\t\t\t<div class=\"elementor-widget-wrap elementor-element-populated\">\n\t\t\t\t\t\t<div class=\"elementor-element elementor-element-7ee8bc01 elementor-widget elementor-widget-wd_text_block\" data-id=\"7ee8bc01\" data-element_type=\"widget\" data-e-type=\"widget\" data-widget_type=\"wd_text_block.default\">\n\t\t\t\t<div class=\"elementor-widget-container\">\n\t\t\t\t\t\t\t<div class=\"wd-text-block reset-last-child text-left\">\n\t\t\t\n\t\t\t<h5 class=\"elementor-icon-box-title\"><strong>Esportare<\/strong><\/h5><p>Offriamo auto importate dalla Germania in perfette condizioni, sia di carrozzeria che di motore, senza incidenti, a prezzi molto interessanti. Consegniamo in Francia, Belgio e Portogallo. I nostri prezzi in Germania sono gli stessi di quelli in Francia, Belgio e Portogallo, il che spiega la nostra competitivit\u00e0. A questo prezzo viene aggiunto un supplemento di 500 \u20ac per il trasporto, per garantire che l'auto venga immatricolata con un certificato di immatricolazione (carte grise) in Francia o in Belgio.<span style=\"font-size: 14px; background-color: var(--wd-main-bgcolor); color: var(--wd-text-color);\"><\/span><\/p>\n\t\t\t\t\t<\/div>\n\t\t\t\t\t\t<\/div>\n\t\t\t\t<\/div>\n\t\t\t\t<div class=\"elementor-element elementor-element-3a68110c elementor-widget elementor-widget-wd_text_block\" data-id=\"3a68110c\" data-element_type=\"widget\" data-e-type=\"widget\" data-widget_type=\"wd_text_block.default\">\n\t\t\t\t<div class=\"elementor-widget-container\">\n\t\t\t\t\t\t\t<div class=\"wd-text-block reset-last-child text-left\">\n\t\t\t\n\t\t\t<h5 class=\"elementor-icon-box-title\"><strong>Servizi di pagamento<\/strong><\/h5><p>Per il pagamento rateale, dovrai versare un acconto minimo del 25% e il restante 75% in rate mensili, per un periodo a tua scelta compreso tra 6 e 36 mesi, al tasso dello 0%.<\/p><p><strong>Documenti da fornire<\/strong><br \/>\u00a0 -Documento di identit\u00e0<br \/>\u00a0 -Conto di casa.<\/p>\n\t\t\t\t\t<\/div>\n\t\t\t\t\t\t<\/div>\n\t\t\t\t<\/div>\n\t\t\t\t<div class=\"elementor-element elementor-element-54a1a36 elementor-widget elementor-widget-wd_text_block\" data-id=\"54a1a36\" data-element_type=\"widget\" data-e-type=\"widget\" data-widget_type=\"wd_text_block.default\">\n\t\t\t\t<div class=\"elementor-widget-container\">\n\t\t\t\t\t\t\t<div class=\"wd-text-block reset-last-child text-left\">\n\t\t\t\n\t\t\t<h5 class=\"elementor-icon-box-title\"><strong>Simulazione<\/strong><\/h5><p>Per un'auto pubblicizzata a 10.000 \u20ac, il prezzo di vendita, inclusa l'immatricolazione a tuo nome e la consegna a domicilio, \u00e8 di 10.500 \u20ac. Tempi di consegna in Belgio o Francia: 5 giorni.<\/p>\n\t\t\t\t\t<\/div>\n\t\t\t\t\t\t<\/div>\n\t\t\t\t<\/div>\n\t\t\t\t\t<\/div>\n\t\t<\/div>\n\t\t\t\t<div class=\"elementor-column elementor-col-50 elementor-inner-column elementor-element elementor-element-251fa797\" data-id=\"251fa797\" data-element_type=\"column\" data-e-type=\"column\">\n\t\t\t<div class=\"elementor-widget-wrap elementor-element-populated\">\n\t\t\t\t\t\t<div class=\"elementor-element elementor-element-7a57fb6b elementor-widget elementor-widget-wd_text_block\" data-id=\"7a57fb6b\" data-element_type=\"widget\" data-e-type=\"widget\" data-widget_type=\"wd_text_block.default\">\n\t\t\t\t<div class=\"elementor-widget-container\">\n\t\t\t\t\t\t\t<div class=\"wd-text-block reset-last-child text-left\">\n\t\t\t\n\t\t\t<h5 class=\"elementor-icon-box-title\"><strong>Politica di reso e garanzia<\/strong><\/h5><p>Per garantire una transazione migliore, le nostre vendite sono soggette ai termini e alle politiche di reso vigenti:<\/p><p>\u2013 Dopo la consegna, in conformit\u00e0 con la legge sui consumatori di Internet, hai 14 giorni per rifiutare o sostituire il veicolo o ricevere un rimborso<\/p><p>\u2013 Se il veicolo non \u00e8 soddisfacente dopo i controlli alla consegna, il cliente pu\u00f2 rifiutarlo, sostituirlo o ricevere un rimborso senza ulteriori indugi.<\/p><p>\u2013 Alla consegna dell\u2019auto, all\u2019acquirente viene assegnata un\u2019officina nella sua zona residenziale, che si occupa della garanzia dell\u2019auto.<\/p><p>Per maggiori informazioni sulle procedure di ordinazione, contatta un rappresentante commerciale su WhatsApp o Messenger.<\/p>\n\t\t\t\t\t<\/div>\n\t\t\t\t\t\t<\/div>\n\t\t\t\t<\/div>\n\t\t\t\t\t<\/div>\n\t\t<\/div>\n\t\t\t\t\t<\/div>\n\t\t<\/section>\n\t\t\t\t\t<\/div>\n\t\t<\/div>\n\t\t\t\t\t<\/div>\n\t\t<\/section>\n\t\t<div class=\"elementor-element elementor-element-34e5acf e-con-full e-flex wd-section-disabled e-con e-parent\" data-id=\"34e5acf\" data-element_type=\"container\" data-e-type=\"container\">\n\t\t\t\t<div class=\"elementor-element elementor-element-ceccc8c elementor-widget elementor-widget-wd_text_block\" data-id=\"ceccc8c\" data-element_type=\"widget\" data-e-type=\"widget\" data-widget_type=\"wd_text_block.default\">\n\t\t\t\t<div class=\"elementor-widget-container\">\n\t\t\t\t\t\t\t<div class=\"wd-text-block reset-last-child text-left\">\n\t\t\t\n\t\t\t<h5><strong>Importante da sapere<\/strong><\/h5><p>Per ordinare un veicolo, ti verr\u00e0 fornito un preventivo.<br \/>In seguito a questo preventivo, richiediamo un acconto del 25% tramite bonifico bancario prima della spedizione del veicolo, poich\u00e9 non possiamo trasportare un veicolo senza alcun impegno di acquisto.<\/p><p>La consegna avviene entro 5 giorni al prezzo di 500 \u20ac. Per ottenere il prezzo comprensivo di tutte le tasse di un veicolo, basta aggiungere 500 \u20ac al prezzo mostrato nell'annuncio.<\/p><p>Il vantaggio dei nostri prezzi di vendita rispetto al prezzo di mercato \u00e8 dovuto al fatto che le importazioni effettuate dalla nostra azienda non sono pi\u00f9 soggette all'IVA aggiuntiva del 20% perch\u00e9 siamo professionisti del settore Automotive e disponiamo di partita IVA INTRA per esportare in tutta Europa senza tasse aggiuntive.<\/p><p>- L'importo rimanente verr\u00e0 pagato alla consegna, dopo aver provato il veicolo.<\/p>\n\t\t\t\t\t<\/div>\n\t\t\t\t\t\t<\/div>\n\t\t\t\t<\/div>\n\t\t\t\t<\/div>\n\t\t<div class=\"elementor-element elementor-element-b5e0d8b e-flex e-con-boxed wd-section-disabled e-con e-parent\" data-id=\"b5e0d8b\" data-element_type=\"container\" data-e-type=\"container\">\n\t\t\t\t\t<div class=\"e-con-inner\">\n\t\t\t\t<div class=\"elementor-element elementor-element-f4f107d elementor-widget elementor-widget-spacer\" data-id=\"f4f107d\" data-element_type=\"widget\" data-e-type=\"widget\" data-widget_type=\"spacer.default\">\n\t\t\t\t<div class=\"elementor-widget-container\">\n\t\t\t\t\t\t\t<div class=\"elementor-spacer\">\n\t\t\t<div class=\"elementor-spacer-inner\"><\/div>\n\t\t<\/div>\n\t\t\t\t\t\t<\/div>\n\t\t\t\t<\/div>\n\t\t\t\t\t<\/div>\n\t\t\t\t<\/div>\n\t\t\t\t<section class=\"elementor-section elementor-top-section elementor-element elementor-element-2e781608 elementor-section-height-min-height elementor-section-items-stretch elementor-section-full_width elementor-section-stretched elementor-section-height-default wd-section-disabled\" data-id=\"2e781608\" data-element_type=\"section\" data-e-type=\"section\" data-settings=\"{&quot;background_background&quot;:&quot;classic&quot;,&quot;stretch_section&quot;:&quot;section-stretched&quot;}\">\n\t\t\t\t\t\t<div class=\"elementor-container elementor-column-gap-default\">\n\t\t\t\t\t<div class=\"elementor-column elementor-col-50 elementor-top-column elementor-element elementor-element-20e1f387 text-center\" data-id=\"20e1f387\" data-element_type=\"column\" data-e-type=\"column\">\n\t\t\t<div class=\"elementor-widget-wrap elementor-element-populated\">\n\t\t\t\t\t\t<div class=\"elementor-element elementor-element-1000ba45 elementor-widget elementor-widget-wd_title\" data-id=\"1000ba45\" data-element_type=\"widget\" data-e-type=\"widget\" data-widget_type=\"wd_title.default\">\n\t\t\t\t<div class=\"elementor-widget-container\">\n\t\t\t\t\t\t\t<div class=\"title-wrapper set-mb-s reset-last-child wd-title-color-white wd-title-style-default wd-title-size-large text-center\">\n\n\t\t\t\t\t\t\t<div class=\"title-subtitle subtitle-color-white subtitle-style-default wd-fontsize-xs\">\n\t\t\t\t\tBERTU AUTOMOBILES\t\t\t\t<\/div>\n\t\t\t\n\t\t\t<div class=\"liner-continer\">\n\t\t\t\t<h4 class=\"woodmart-title-container title wd-fontsize-xxl\">UN NUOVO VEICOLO PER TUTTI<\/h4> \n\t\t\t\t\t\t\t<\/div>\n\n\t\t\t\t\t<\/div>\n\t\t\t\t\t\t<\/div>\n\t\t\t\t<\/div>\n\t\t\t\t\t<\/div>\n\t\t<\/div>\n\t\t\t\t<div class=\"elementor-column elementor-col-50 elementor-top-column elementor-element elementor-element-4ae691b\" data-id=\"4ae691b\" data-element_type=\"column\" data-e-type=\"column\">\n\t\t\t<div class=\"elementor-widget-wrap elementor-element-populated\">\n\t\t\t\t\t\t<div class=\"elementor-element elementor-element-6ce7dc79 elementor-widget elementor-widget-wd_image_or_svg\" data-id=\"6ce7dc79\" data-element_type=\"widget\" data-e-type=\"widget\" data-widget_type=\"wd_image_or_svg.default\">\n\t\t\t\t<div class=\"elementor-widget-container\">\n\t\t\t\t\t\n\t\t<div class=\"wd-image text-left\">\n\t\t\t\t\t\t\t\t<img fetchpriority=\"high\" decoding=\"async\" width=\"666\" height=\"375\" src=\"https:\/\/bertu-automobiles.com\/wp-content\/uploads\/2023\/10\/S0-le-nouveau-land-rover-range-rover-velar-2023-a-partir-de-75-600eur-744725-removebg-preview.png\" class=\"attachment-full size-full\" alt=\"\" srcset=\"https:\/\/bertu-automobiles.com\/wp-content\/uploads\/2023\/10\/S0-le-nouveau-land-rover-range-rover-velar-2023-a-partir-de-75-600eur-744725-removebg-preview.png 666w, https:\/\/bertu-automobiles.com\/wp-content\/uploads\/2023\/10\/S0-le-nouveau-land-rover-range-rover-velar-2023-a-partir-de-75-600eur-744725-removebg-preview-400x225.png 400w, https:\/\/bertu-automobiles.com\/wp-content\/uploads\/2023\/10\/S0-le-nouveau-land-rover-range-rover-velar-2023-a-partir-de-75-600eur-744725-removebg-preview-430x242.png 430w, https:\/\/bertu-automobiles.com\/wp-content\/uploads\/2023\/10\/S0-le-nouveau-land-rover-range-rover-velar-2023-a-partir-de-75-600eur-744725-removebg-preview-150x84.png 150w\" sizes=\"(max-width: 666px) 100vw, 666px\" \/>\t\t\t\t\t<\/div>\n\n\t\t\t\t\t\t<\/div>\n\t\t\t\t<\/div>\n\t\t\t\t\t<\/div>\n\t\t<\/div>\n\t\t\t\t\t<\/div>\n\t\t<\/section>\n\t\t\t\t<\/div>","protected":false},"excerpt":{"rendered":"<p>Informations avant achat Exportation Nous offrons des opportunit\u00e9s de voitures export\u00e9es de l\u2019Allemagne en parfait \u00e9tat niveau carrosserie et moteur<\/p>","protected":false},"author":1,"featured_media":0,"parent":0,"menu_order":0,"comment_status":"closed","ping_status":"closed","template":"","meta":{"footnotes":""},"class_list":["post-15588","page","type-page","status-publish","hentry"],"_links":{"self":[{"href":"https:\/\/bertu-automobiles.com\/it\/wp-json\/wp\/v2\/pages\/15588","targetHints":{"allow":["GET"]}}],"collection":[{"href":"https:\/\/bertu-automobiles.com\/it\/wp-json\/wp\/v2\/pages"}],"about":[{"href":"https:\/\/bertu-automobiles.com\/it\/wp-json\/wp\/v2\/types\/page"}],"author":[{"embeddable":true,"href":"https:\/\/bertu-automobiles.com\/it\/wp-json\/wp\/v2\/users\/1"}],"replies":[{"embeddable":true,"href":"https:\/\/bertu-automobiles.com\/it\/wp-json\/wp\/v2\/comments?post=15588"}],"version-history":[{"count":61,"href":"https:\/\/bertu-automobiles.com\/it\/wp-json\/wp\/v2\/pages\/15588\/revisions"}],"predecessor-version":[{"id":16032,"href":"https:\/\/bertu-automobiles.com\/it\/wp-json\/wp\/v2\/pages\/15588\/revisions\/16032"}],"wp:attachment":[{"href":"https:\/\/bertu-automobiles.com\/it\/wp-json\/wp\/v2\/media?parent=15588"}],"curies":[{"name":"wp","href":"https:\/\/api.w.org\/{rel}","templated":true}]}}