{"id":15583,"date":"2023-10-30T20:17:46","date_gmt":"2023-10-30T20:17:46","guid":{"rendered":"https:\/\/bertu-automobiles.com\/?page_id=15583"},"modified":"2026-03-10T11:43:09","modified_gmt":"2026-03-10T11:43:09","slug":"avis-clients","status":"publish","type":"page","link":"https:\/\/bertu-automobiles.com\/pt\/avis-clients\/","title":{"rendered":"Avalia\u00e7\u00f5es de clientes"},"content":{"rendered":"<div data-elementor-type=\"wp-page\" data-elementor-id=\"15583\" class=\"elementor elementor-15583\" data-elementor-post-type=\"page\">\n\t\t\t\t\t\t<section class=\"elementor-section elementor-top-section elementor-element elementor-element-495d2b72 wd-section-stretch elementor-section-boxed elementor-section-height-default elementor-section-height-default\" data-id=\"495d2b72\" data-element_type=\"section\" data-e-type=\"section\" data-settings=\"{&quot;background_background&quot;:&quot;classic&quot;}\">\n\t\t\t\t\t\t<div class=\"elementor-container elementor-column-gap-default\">\n\t\t\t\t\t<div class=\"elementor-column elementor-col-100 elementor-top-column elementor-element elementor-element-1beeaae1\" data-id=\"1beeaae1\" data-element_type=\"column\" data-e-type=\"column\">\n\t\t\t<div class=\"elementor-widget-wrap elementor-element-populated\">\n\t\t\t\t\t\t<div class=\"elementor-element elementor-element-1db637c elementor-widget elementor-widget-wd_title\" data-id=\"1db637c\" data-element_type=\"widget\" data-e-type=\"widget\" data-widget_type=\"wd_title.default\">\n\t\t\t\t<div class=\"elementor-widget-container\">\n\t\t\t\t\t\t\t<div class=\"title-wrapper set-mb-s reset-last-child wd-title-color-primary wd-title-style-bordered wd-title-size-default text-center\">\n\n\t\t\t\t\t\t\t<div class=\"title-subtitle subtitle-color-primary subtitle-style-default wd-fontsize-xs\">\n\t\t\t\t\tBERTU AUTOMOBILES\t\t\t\t<\/div>\n\t\t\t\n\t\t\t<div class=\"liner-continer\">\n\t\t\t\t<h4 class=\"woodmart-title-container title wd-fontsize-l\">O nosso mundo faz-nos felizes.<\/h4> \n\t\t\t\t\t\t\t<\/div>\n\n\t\t\t\t\t<\/div>\n\t\t\t\t\t\t<\/div>\n\t\t\t\t<\/div>\n\t\t\t\t<div class=\"elementor-element elementor-element-ba175d1 elementor-widget elementor-widget-wd_testimonials\" data-id=\"ba175d1\" data-element_type=\"widget\" data-e-type=\"widget\" data-widget_type=\"wd_testimonials.default\">\n\t\t\t\t<div class=\"elementor-widget-container\">\n\t\t\t\t\t\t\t<div class=\"testimonials testimonials-wrapper testimonials-grid testimon-style-boxed  color-scheme- testimon-align-left\" id=\"carousel-5444\" >\n\t\t\t<div class=\"row wd-spacing-30\">\n\t\t\t\t\t\t\t\t\t\n<div class=\"testimonial column col-lg-6 col-md-6 col-12\">\n\t<div class=\"testimonial-inner\">\n\t\t\n\t\t<div class=\"testimonial-content\">\n\t\t\t<div class=\"testimonial-rating\">\n\t\t\t\t<span class=\"star-rating\">\n\t\t\t\t\t<span style=\"width:100%\"><\/span>\n\t\t\t\t<\/span>\n\t\t\t<\/div>\n\n\t\t\t<p>Sem surpresas ap\u00f3s a encomenda ou ao receber o carro. Estava muito limpo, praticamente novo. O estafeta foi muito simp\u00e1tico. O ve\u00edculo foi entregue com um dia de atraso, mas fui avisado. Tenho o carro h\u00e1 uma semana sem problemas e ainda tenho 14 dias para o testar. Satisfa\u00e7\u00e3o garantida ou o seu dinheiro de volta. Recomendo este site!<\/p>\n\t\t\t<footer>\n\t\t\t\tKingsley\n\t\t\t\t\t\t\t<\/footer>\n\t\t<\/div>\n\t<\/div>\n<\/div>\t\t\t\t\t\t\t\t\t\n<div class=\"testimonial column col-lg-6 col-md-6 col-12\">\n\t<div class=\"testimonial-inner\">\n\t\t\n\t\t<div class=\"testimonial-content\">\n\t\t\t<div class=\"testimonial-rating\">\n\t\t\t\t<span class=\"star-rating\">\n\t\t\t\t\t<span style=\"width:100%\"><\/span>\n\t\t\t\t<\/span>\n\t\t\t<\/div>\n\n\t\t\t<p>Inicialmente bastante apreensivo em importar um BMW da Alemanha, voltaria a faz\u00ea-lo sem hesita\u00e7\u00e3o com a Premium Import. A comunica\u00e7\u00e3o durante todo o processo foi excelente. A Cynthia foi muito \u00e1gil a reservar o ve\u00edculo imediatamente na Alemanha (o modelo 340i GT xDrive Luxury era muito procurado) e a tratar de toda a parte administrativa subsequente. Agrade\u00e7o tamb\u00e9m ao Maxime pela calorosa rece\u00e7\u00e3o e pelo completo apoio.<\/p>\n\t\t\t<footer>\n\t\t\t\tOrson\n\t\t\t\t\t\t\t<\/footer>\n\t\t<\/div>\n\t<\/div>\n<\/div>\t\t\t\t\t\t\t\t\t\n<div class=\"testimonial column col-lg-6 col-md-6 col-12\">\n\t<div class=\"testimonial-inner\">\n\t\t\n\t\t<div class=\"testimonial-content\">\n\t\t\t<div class=\"testimonial-rating\">\n\t\t\t\t<span class=\"star-rating\">\n\t\t\t\t\t<span style=\"width:100%\"><\/span>\n\t\t\t\t<\/span>\n\t\t\t<\/div>\n\n\t\t\t<p>Perfeito do in\u00edcio ao fim! Estava um pouco apreensivo porque n\u00e3o \u00e9 poss\u00edvel ver o carro pessoalmente, mas o que encomendei correspondeu perfeitamente \u00e0s minhas necessidades e at\u00e9 as superou! Foi entregue \u00e0 minha porta conforme prometido e dentro do prazo. Toda a documenta\u00e7\u00e3o estava pronta para eu assinar. O servi\u00e7o p\u00f3s-venda \u00e9 excelente, especialmente com o Alain, que foi sempre muito atencioso. Recomendo vivamente e com certeza voltarei a utilizar os seus servi\u00e7os para comprar o meu pr\u00f3ximo ve\u00edculo!<\/p>\n\t\t\t<footer>\n\t\t\t\tKim\n\t\t\t\t\t\t\t<\/footer>\n\t\t<\/div>\n\t<\/div>\n<\/div>\t\t\t\t\t\t\t\t\t\n<div class=\"testimonial column col-lg-6 col-md-6 col-12\">\n\t<div class=\"testimonial-inner\">\n\t\t\n\t\t<div class=\"testimonial-content\">\n\t\t\t<div class=\"testimonial-rating\">\n\t\t\t\t<span class=\"star-rating\">\n\t\t\t\t\t<span style=\"width:100%\"><\/span>\n\t\t\t\t<\/span>\n\t\t\t<\/div>\n\n\t\t\t<p>O ve\u00edculo foi entregue conforme descrito, limpo e com toda a documenta\u00e7\u00e3o em meu nome, preparada com anteced\u00eancia e organizada. No entanto, n\u00e3o havia margem para negocia\u00e7\u00e3o quanto ao pre\u00e7o, mas em contrapartida, o servi\u00e7o foi excelente, com um processo de compra f\u00e1cil do in\u00edcio ao fim e entrega ao domic\u00edlio realizada por um agente atencioso que se disp\u00f4s a responder a todas as minhas quest\u00f5es.<\/p>\n\t\t\t<footer>\n\t\t\t\tDerick\n\t\t\t\t\t\t\t<\/footer>\n\t\t<\/div>\n\t<\/div>\n<\/div>\t\t\t\t\t\t\t\t\t\n<div class=\"testimonial column col-lg-6 col-md-6 col-12\">\n\t<div class=\"testimonial-inner\">\n\t\t\n\t\t<div class=\"testimonial-content\">\n\t\t\t<div class=\"testimonial-rating\">\n\t\t\t\t<span class=\"star-rating\">\n\t\t\t\t\t<span style=\"width:100%\"><\/span>\n\t\t\t\t<\/span>\n\t\t\t<\/div>\n\n\t\t\t<p>Recomendo este site para a compra do seu carro. Gra\u00e7as a esta empresa, adquiri o meu carro com apenas um sinal e o restante em presta\u00e7\u00f5es mensais. Uma \u00f3tima experi\u00eancia. Sem qualquer reclama\u00e7\u00e3o, tudo claro e simples. O carro foi entregue limpo e exatamente como descrito e de acordo com as nossas expectativas. Recomendo.<\/p>\n\t\t\t<footer>\n\t\t\t\tHelena\n\t\t\t\t\t\t\t<\/footer>\n\t\t<\/div>\n\t<\/div>\n<\/div>\t\t\t\t\t\t\t\t\t\n<div class=\"testimonial column col-lg-6 col-md-6 col-12\">\n\t<div class=\"testimonial-inner\">\n\t\t\n\t\t<div class=\"testimonial-content\">\n\t\t\t<div class=\"testimonial-rating\">\n\t\t\t\t<span class=\"star-rating\">\n\t\t\t\t\t<span style=\"width:100%\"><\/span>\n\t\t\t\t<\/span>\n\t\t\t<\/div>\n\n\t\t\t<p>A minha primeira experi\u00eancia foi um sucesso e n\u00e3o hesitaria em comprar-lhes outro ve\u00edculo. Recomendo-os a 100%. A entrega foi simplesmente fant\u00e1stica. Recomendo-os vivamente. Com certeza, voltarei a utilizar os servi\u00e7os deles.<\/p>\n\t\t\t<footer>\n\t\t\t\tRosina\n\t\t\t\t\t\t\t<\/footer>\n\t\t<\/div>\n\t<\/div>\n<\/div>\t\t\t\t\t\t\t\t\t\n<div class=\"testimonial column col-lg-6 col-md-6 col-12\">\n\t<div class=\"testimonial-inner\">\n\t\t\n\t\t<div class=\"testimonial-content\">\n\t\t\t<div class=\"testimonial-rating\">\n\t\t\t\t<span class=\"star-rating\">\n\t\t\t\t\t<span style=\"width:100%\"><\/span>\n\t\t\t\t<\/span>\n\t\t\t<\/div>\n\n\t\t\t<p>Gra\u00e7as a si, consegui comprar um belo 308. O carro foi preparado para venda muito rapidamente. Fiquei bastante satisfeito com o servi\u00e7o e recomendo este vendedor.<\/p>\n\t\t\t<footer>\n\t\t\t\tGeraldo\n\t\t\t\t\t\t\t<\/footer>\n\t\t<\/div>\n\t<\/div>\n<\/div>\t\t\t\t\t\t\t\t\t\n<div class=\"testimonial column col-lg-6 col-md-6 col-12\">\n\t<div class=\"testimonial-inner\">\n\t\t\n\t\t<div class=\"testimonial-content\">\n\t\t\t<div class=\"testimonial-rating\">\n\t\t\t\t<span class=\"star-rating\">\n\t\t\t\t\t<span style=\"width:100%\"><\/span>\n\t\t\t\t<\/span>\n\t\t\t<\/div>\n\n\t\t\t<p>Excelente servi\u00e7o, estou muito satisfeita. Tudo correu conforme o planeado. Recomendo vivamente! \u00d3tima experi\u00eancia.<\/p>\n\t\t\t<footer>\n\t\t\t\tGast\u00e3o\n\t\t\t\t\t\t\t<\/footer>\n\t\t<\/div>\n\t<\/div>\n<\/div>\t\t\t\t\t\t\t\t\t\n<div class=\"testimonial column col-lg-6 col-md-6 col-12\">\n\t<div class=\"testimonial-inner\">\n\t\t\n\t\t<div class=\"testimonial-content\">\n\t\t\t<div class=\"testimonial-rating\">\n\t\t\t\t<span class=\"star-rating\">\n\t\t\t\t\t<span style=\"width:100%\"><\/span>\n\t\t\t\t<\/span>\n\t\t\t<\/div>\n\n\t\t\t<p>O carro \u00e9 lindo, como eu esperava, e foi entregue diretamente \u00e0 minha porta. O \u00fanico pequeno inconveniente foi a falta do kit de repara\u00e7\u00e3o de pneus e de todos os outros itens na bagageira. Para resolver este pequeno problema, falei com um consultor muito profissional que me aconselhou a comprar as pe\u00e7as de substitui\u00e7\u00e3o a um fornecedor parceiro. Recomendo vivamente esta empresa.<\/p>\n\t\t\t<footer>\n\t\t\t\tJaneiro\n\t\t\t\t\t\t\t<\/footer>\n\t\t<\/div>\n\t<\/div>\n<\/div>\t\t\t\t\t\t\t\t\t\n<div class=\"testimonial column col-lg-6 col-md-6 col-12\">\n\t<div class=\"testimonial-inner\">\n\t\t\n\t\t<div class=\"testimonial-content\">\n\t\t\t<div class=\"testimonial-rating\">\n\t\t\t\t<span class=\"star-rating\">\n\t\t\t\t\t<span style=\"width:100%\"><\/span>\n\t\t\t\t<\/span>\n\t\t\t<\/div>\n\n\t\t\t<p>Fui muito bem recebido por uma pessoa simp\u00e1tica e atenciosa. Tudo foi feito por telefone, mensagem de texto, WhatsApp e fotos, e o ve\u00edculo correspondeu perfeitamente \u00e0s minhas expectativas. O ve\u00edculo estava impec\u00e1vel quando o recebi. Agrade\u00e7o a J\u00e9r\u00f4me Dr\u00e9an pelo seu profissionalismo e conhecimento; Recomendo-o vivamente.<\/p>\n\t\t\t<footer>\n\t\t\t\tJeanne\n\t\t\t\t\t\t\t<\/footer>\n\t\t<\/div>\n\t<\/div>\n<\/div>\t\t\t\t\t\t\t\t\t\n<div class=\"testimonial column col-lg-6 col-md-6 col-12\">\n\t<div class=\"testimonial-inner\">\n\t\t\n\t\t<div class=\"testimonial-content\">\n\t\t\t<div class=\"testimonial-rating\">\n\t\t\t\t<span class=\"star-rating\">\n\t\t\t\t\t<span style=\"width:100%\"><\/span>\n\t\t\t\t<\/span>\n\t\t\t<\/div>\n\n\t\t\t<p>Estou muito satisfeito com a oficina. Confiei a venda do meu ve\u00edculo ao J\u00e9r\u00f4me. Tudo correu muito bem. Agrade\u00e7o ao J\u00e9r\u00f4me pelo seu profissionalismo.<\/p>\n\t\t\t<footer>\n\t\t\t\tMarie-Pierre\n\t\t\t\t\t\t\t<\/footer>\n\t\t<\/div>\n\t<\/div>\n<\/div>\t\t\t\t\t\t\t\t\t\n<div class=\"testimonial column col-lg-6 col-md-6 col-12\">\n\t<div class=\"testimonial-inner\">\n\t\t\n\t\t<div class=\"testimonial-content\">\n\t\t\t<div class=\"testimonial-rating\">\n\t\t\t\t<span class=\"star-rating\">\n\t\t\t\t\t<span style=\"width:100%\"><\/span>\n\t\t\t\t<\/span>\n\t\t\t<\/div>\n\n\t\t\t<p>Um profissional muito confi\u00e1vel. Comprei o meu ve\u00edculo \u00e0 dist\u00e2ncia e corresponde \u00e0 descri\u00e7\u00e3o. Agrade\u00e7o tamb\u00e9m a confian\u00e7a.<\/p>\n\t\t\t<footer>\n\t\t\t\tConstante\n\t\t\t\t\t\t\t<\/footer>\n\t\t<\/div>\n\t<\/div>\n<\/div>\t\t\t\t\t\t\t<\/div>\n\t\t<\/div>\n\t\t\t\t\t\t<\/div>\n\t\t\t\t<\/div>\n\t\t\t\t\t<\/div>\n\t\t<\/div>\n\t\t\t\t\t<\/div>\n\t\t<\/section>\n\t\t\t\t<section class=\"elementor-section elementor-top-section elementor-element elementor-element-17b073f elementor-section-boxed elementor-section-height-default elementor-section-height-default wd-section-disabled\" data-id=\"17b073f\" data-element_type=\"section\" data-e-type=\"section\">\n\t\t\t\t\t\t<div class=\"elementor-container elementor-column-gap-default\">\n\t\t\t\t\t<div class=\"elementor-column elementor-col-100 elementor-top-column elementor-element elementor-element-64bf52f\" data-id=\"64bf52f\" data-element_type=\"column\" data-e-type=\"column\">\n\t\t\t<div class=\"elementor-widget-wrap elementor-element-populated\">\n\t\t\t\t\t\t<div class=\"elementor-element elementor-element-315b3ff elementor-widget elementor-widget-wd_title\" data-id=\"315b3ff\" data-element_type=\"widget\" data-e-type=\"widget\" data-widget_type=\"wd_title.default\">\n\t\t\t\t<div class=\"elementor-widget-container\">\n\t\t\t\t\t\t\t<div class=\"title-wrapper set-mb-s reset-last-child wd-title-color-primary wd-title-style-bordered wd-title-size-default text-center\">\n\n\t\t\t\n\t\t\t<div class=\"liner-continer\">\n\t\t\t\t<h4 class=\"woodmart-title-container title wd-fontsize-l\">BERTU AUTOMOBILES ISSO \u00c9<\/h4> \n\t\t\t\t\t\t\t<\/div>\n\n\t\t\t\t\t<\/div>\n\t\t\t\t\t\t<\/div>\n\t\t\t\t<\/div>\n\t\t\t\t<section class=\"elementor-section elementor-inner-section elementor-element elementor-element-cc44c80 elementor-section-boxed elementor-section-height-default elementor-section-height-default wd-section-disabled\" data-id=\"cc44c80\" data-element_type=\"section\" data-e-type=\"section\">\n\t\t\t\t\t\t<div class=\"elementor-container elementor-column-gap-default\">\n\t\t\t\t\t<div class=\"elementor-column elementor-col-50 elementor-inner-column elementor-element elementor-element-1ccd694\" data-id=\"1ccd694\" data-element_type=\"column\" data-e-type=\"column\">\n\t\t\t<div class=\"elementor-widget-wrap elementor-element-populated\">\n\t\t\t\t\t\t<div class=\"elementor-element elementor-element-df572d5 elementor-widget elementor-widget-wd_infobox\" data-id=\"df572d5\" data-element_type=\"widget\" data-e-type=\"widget\" data-widget_type=\"wd_infobox.default\">\n\t\t\t\t<div class=\"elementor-widget-container\">\n\t\t\t\t\t\t\t<div class=\"info-box-wrapper\">\n\t\t\t<div class=\"wd-info-box text-left box-icon-align-left box-style-base color-scheme- wd-items-top\"  style=\"\">\n\t\t\t\t\t\t\t\t\t<div class=\"box-icon-wrapper  box-with-icon box-icon-with-bg\">\n\t\t\t\t\t\t<div class=\"info-box-icon\">\n\t\t\t\t\t\t\t\t\t\t\t\t\t\t\t<img decoding=\"async\" width=\"45\" height=\"45\" src=\"https:\/\/bertu-automobiles.com\/wp-content\/uploads\/2023\/10\/traffic-jam-45x45.png\" class=\"attachment-45x45 size-45x45\" alt=\"\" srcset=\"https:\/\/bertu-automobiles.com\/wp-content\/uploads\/2023\/10\/traffic-jam-45x45.png 45w, https:\/\/bertu-automobiles.com\/wp-content\/uploads\/2023\/10\/traffic-jam-300x300.png 300w, https:\/\/bertu-automobiles.com\/wp-content\/uploads\/2023\/10\/traffic-jam-150x150.png 150w, https:\/\/bertu-automobiles.com\/wp-content\/uploads\/2023\/10\/traffic-jam-430x430.png 430w, https:\/\/bertu-automobiles.com\/wp-content\/uploads\/2023\/10\/traffic-jam.png 512w\" sizes=\"(max-width: 45px) 100vw, 45px\" \/>\t\t\t\t\t\t\t\t\t\t\t\t\t<\/div>\n\t\t\t\t\t<\/div>\n\t\t\t\t\n\t\t\t\t<div class=\"info-box-content\">\n\t\t\t\t\t\n\t\t\t\t\t\t\t\t\t\t\t<h4\t\t\t\t\t\tclass=\"info-box-title title box-title-style-default wd-fontsize-s\" data-elementor-setting-key=\"title\">\n\t\t\t\t\t\t\t\tMais op\u00e7\u00f5es\t\t\t\t\t\t<\/h4>\n\t\t\t\t\t\n\t\t\t\t\t<div class=\"info-box-inner set-cont-mb-s reset-last-child\"data-elementor-setting-key=\"content\"><p>Mais de 1000 ve\u00edculos dispon\u00edveis de imediato.<\/p>\n<\/div>\n\t\n\t\t\t\t\t\t\t\t\t<\/div>\n\t\t\t<\/div>\n\t\t<\/div>\n\t\t\t\t\t\t<\/div>\n\t\t\t\t<\/div>\n\t\t\t\t<div class=\"elementor-element elementor-element-1c4c19b elementor-widget elementor-widget-wd_infobox\" data-id=\"1c4c19b\" data-element_type=\"widget\" data-e-type=\"widget\" data-widget_type=\"wd_infobox.default\">\n\t\t\t\t<div class=\"elementor-widget-container\">\n\t\t\t\t\t\t\t<div class=\"info-box-wrapper\">\n\t\t\t<div class=\"wd-info-box text-left box-icon-align-left box-style-base color-scheme- wd-items-top\"  style=\"\">\n\t\t\t\t\t\t\t\t\t<div class=\"box-icon-wrapper  box-with-icon box-icon-with-bg\">\n\t\t\t\t\t\t<div class=\"info-box-icon\">\n\t\t\t\t\t\t\t\t\t\t\t\t\t\t\t<img decoding=\"async\" width=\"45\" height=\"45\" src=\"https:\/\/bertu-automobiles.com\/wp-content\/uploads\/2023\/10\/maintenance-45x45.png\" class=\"attachment-45x45 size-45x45\" alt=\"\" srcset=\"https:\/\/bertu-automobiles.com\/wp-content\/uploads\/2023\/10\/maintenance-45x45.png 45w, https:\/\/bertu-automobiles.com\/wp-content\/uploads\/2023\/10\/maintenance-300x300.png 300w, https:\/\/bertu-automobiles.com\/wp-content\/uploads\/2023\/10\/maintenance-150x150.png 150w, https:\/\/bertu-automobiles.com\/wp-content\/uploads\/2023\/10\/maintenance-430x430.png 430w, https:\/\/bertu-automobiles.com\/wp-content\/uploads\/2023\/10\/maintenance.png 512w\" sizes=\"(max-width: 45px) 100vw, 45px\" \/>\t\t\t\t\t\t\t\t\t\t\t\t\t<\/div>\n\t\t\t\t\t<\/div>\n\t\t\t\t\n\t\t\t\t<div class=\"info-box-content\">\n\t\t\t\t\t\n\t\t\t\t\t\t\t\t\t\t\t<h4\t\t\t\t\t\tclass=\"info-box-title title box-title-style-default wd-fontsize-s\" data-elementor-setting-key=\"title\">\n\t\t\t\t\t\t\t\tEntrevista\t\t\t\t\t\t<\/h4>\n\t\t\t\t\t\n\t\t\t\t\t<div class=\"info-box-inner set-cont-mb-s reset-last-child\"data-elementor-setting-key=\"content\"><p>Todos os ve\u00edculos s\u00e3o revistos no concession\u00e1rio e vendidos com a garantia do fabricante.<\/p>\n<\/div>\n\t\n\t\t\t\t\t\t\t\t\t<\/div>\n\t\t\t<\/div>\n\t\t<\/div>\n\t\t\t\t\t\t<\/div>\n\t\t\t\t<\/div>\n\t\t\t\t\t<\/div>\n\t\t<\/div>\n\t\t\t\t<div class=\"elementor-column elementor-col-50 elementor-inner-column elementor-element elementor-element-c4b9b40\" data-id=\"c4b9b40\" data-element_type=\"column\" data-e-type=\"column\">\n\t\t\t<div class=\"elementor-widget-wrap elementor-element-populated\">\n\t\t\t\t\t\t<div class=\"elementor-element elementor-element-9d00d48 elementor-widget elementor-widget-wd_infobox\" data-id=\"9d00d48\" data-element_type=\"widget\" data-e-type=\"widget\" data-widget_type=\"wd_infobox.default\">\n\t\t\t\t<div class=\"elementor-widget-container\">\n\t\t\t\t\t\t\t<div class=\"info-box-wrapper\">\n\t\t\t<div class=\"wd-info-box text-left box-icon-align-left box-style-base color-scheme- wd-items-top\"  style=\"\">\n\t\t\t\t\t\t\t\t\t<div class=\"box-icon-wrapper  box-with-icon box-icon-with-bg\">\n\t\t\t\t\t\t<div class=\"info-box-icon\">\n\t\t\t\t\t\t\t\t\t\t\t\t\t\t\t<img decoding=\"async\" width=\"45\" height=\"45\" src=\"https:\/\/bertu-automobiles.com\/wp-content\/uploads\/2023\/10\/car-sales-45x45.png\" class=\"attachment-45x45 size-45x45\" alt=\"\" srcset=\"https:\/\/bertu-automobiles.com\/wp-content\/uploads\/2023\/10\/car-sales-45x45.png 45w, https:\/\/bertu-automobiles.com\/wp-content\/uploads\/2023\/10\/car-sales-300x300.png 300w, https:\/\/bertu-automobiles.com\/wp-content\/uploads\/2023\/10\/car-sales-150x150.png 150w, https:\/\/bertu-automobiles.com\/wp-content\/uploads\/2023\/10\/car-sales-430x430.png 430w, https:\/\/bertu-automobiles.com\/wp-content\/uploads\/2023\/10\/car-sales.png 512w\" sizes=\"(max-width: 45px) 100vw, 45px\" \/>\t\t\t\t\t\t\t\t\t\t\t\t\t<\/div>\n\t\t\t\t\t<\/div>\n\t\t\t\t\n\t\t\t\t<div class=\"info-box-content\">\n\t\t\t\t\t\n\t\t\t\t\t\t\t\t\t\t\t<h4\t\t\t\t\t\tclass=\"info-box-title title box-title-style-default wd-fontsize-s\" data-elementor-setting-key=\"title\">\n\t\t\t\t\t\t\t\tEcon\u00f4mico\t\t\t\t\t\t<\/h4>\n\t\t\t\t\t\n\t\t\t\t\t<div class=\"info-box-inner set-cont-mb-s reset-last-child\"data-elementor-setting-key=\"content\"><p>Encontre o seu carro com mais de 25% de desconto.<\/p>\n<\/div>\n\t\n\t\t\t\t\t\t\t\t\t<\/div>\n\t\t\t<\/div>\n\t\t<\/div>\n\t\t\t\t\t\t<\/div>\n\t\t\t\t<\/div>\n\t\t\t\t<div class=\"elementor-element elementor-element-cfd7bd2 elementor-widget elementor-widget-wd_infobox\" data-id=\"cfd7bd2\" data-element_type=\"widget\" data-e-type=\"widget\" data-widget_type=\"wd_infobox.default\">\n\t\t\t\t<div class=\"elementor-widget-container\">\n\t\t\t\t\t\t\t<div class=\"info-box-wrapper\">\n\t\t\t<div class=\"wd-info-box text-left box-icon-align-left box-style-base color-scheme- wd-items-top\"  style=\"\">\n\t\t\t\t\t\t\t\t\t<div class=\"box-icon-wrapper  box-with-icon box-icon-with-bg\">\n\t\t\t\t\t\t<div class=\"info-box-icon\">\n\t\t\t\t\t\t\t\t\t\t\t\t\t\t\t<img loading=\"lazy\" decoding=\"async\" width=\"45\" height=\"45\" src=\"https:\/\/bertu-automobiles.com\/wp-content\/uploads\/2023\/10\/price-45x45.png\" class=\"attachment-45x45 size-45x45\" alt=\"\" srcset=\"https:\/\/bertu-automobiles.com\/wp-content\/uploads\/2023\/10\/price-45x45.png 45w, https:\/\/bertu-automobiles.com\/wp-content\/uploads\/2023\/10\/price-300x300.png 300w, https:\/\/bertu-automobiles.com\/wp-content\/uploads\/2023\/10\/price-150x150.png 150w, https:\/\/bertu-automobiles.com\/wp-content\/uploads\/2023\/10\/price-430x430.png 430w, https:\/\/bertu-automobiles.com\/wp-content\/uploads\/2023\/10\/price.png 512w\" sizes=\"(max-width: 45px) 100vw, 45px\" \/>\t\t\t\t\t\t\t\t\t\t\t\t\t<\/div>\n\t\t\t\t\t<\/div>\n\t\t\t\t\n\t\t\t\t<div class=\"info-box-content\">\n\t\t\t\t\t\n\t\t\t\t\t\t\t\t\t\t\t<h4\t\t\t\t\t\tclass=\"info-box-title title box-title-style-default wd-fontsize-s\" data-elementor-setting-key=\"title\">\n\t\t\t\t\t\t\t\tPre\u00e7o\t\t\t\t\t\t<\/h4>\n\t\t\t\t\t\n\t\t\t\t\t<div class=\"info-box-inner set-cont-mb-s reset-last-child\"data-elementor-setting-key=\"content\"><p>O mercado alem\u00e3o oferece ve\u00edculos usados \u200b\u200ba pre\u00e7os muito acess\u00edveis.<\/p>\n<\/div>\n\t\n\t\t\t\t\t\t\t\t\t<\/div>\n\t\t\t<\/div>\n\t\t<\/div>\n\t\t\t\t\t\t<\/div>\n\t\t\t\t<\/div>\n\t\t\t\t\t<\/div>\n\t\t<\/div>\n\t\t\t\t\t<\/div>\n\t\t<\/section>\n\t\t\t\t\t<\/div>\n\t\t<\/div>\n\t\t\t\t\t<\/div>\n\t\t<\/section>\n\t\t\t\t<\/div>","protected":false},"excerpt":{"rendered":"<p>BERTU AUTOMOBILES Notre monde rend heureux Aucune surprise apr\u00e8s la commende ni lors de la r\u00e9ception de la voiture. Celle-ci<\/p>","protected":false},"author":1,"featured_media":0,"parent":0,"menu_order":0,"comment_status":"closed","ping_status":"closed","template":"","meta":{"footnotes":""},"class_list":["post-15583","page","type-page","status-publish","hentry"],"_links":{"self":[{"href":"https:\/\/bertu-automobiles.com\/pt\/wp-json\/wp\/v2\/pages\/15583","targetHints":{"allow":["GET"]}}],"collection":[{"href":"https:\/\/bertu-automobiles.com\/pt\/wp-json\/wp\/v2\/pages"}],"about":[{"href":"https:\/\/bertu-automobiles.com\/pt\/wp-json\/wp\/v2\/types\/page"}],"author":[{"embeddable":true,"href":"https:\/\/bertu-automobiles.com\/pt\/wp-json\/wp\/v2\/users\/1"}],"replies":[{"embeddable":true,"href":"https:\/\/bertu-automobiles.com\/pt\/wp-json\/wp\/v2\/comments?post=15583"}],"version-history":[{"count":28,"href":"https:\/\/bertu-automobiles.com\/pt\/wp-json\/wp\/v2\/pages\/15583\/revisions"}],"predecessor-version":[{"id":16044,"href":"https:\/\/bertu-automobiles.com\/pt\/wp-json\/wp\/v2\/pages\/15583\/revisions\/16044"}],"wp:attachment":[{"href":"https:\/\/bertu-automobiles.com\/pt\/wp-json\/wp\/v2\/media?parent=15583"}],"curies":[{"name":"wp","href":"https:\/\/api.w.org\/{rel}","templated":true}]}}